{"id":2537,"date":"2021-08-10T04:44:27","date_gmt":"2021-08-10T04:44:27","guid":{"rendered":"https:\/\/premiumecoclean.hu\/iroda-nagytakaritas\/"},"modified":"2024-02-14T14:13:41","modified_gmt":"2024-02-14T14:13:41","slug":"office-bigcleaning","status":"publish","type":"page","link":"https:\/\/premiumecoclean.hu\/en\/office-bigcleaning\/","title":{"rendered":"office bigcleaning"},"content":{"rendered":"\t\t<div data-elementor-type=\"wp-page\" data-elementor-id=\"2537\" class=\"elementor elementor-2537\" data-elementor-settings=\"[]\">\n\t\t\t\t\t\t\t<div class=\"elementor-section-wrap\">\n\t\t\t\t\t\t\t<section class=\"elementor-section elementor-top-section elementor-element elementor-element-1ff116fa elementor-section-boxed elementor-section-height-default elementor-section-height-default\" data-id=\"1ff116fa\" data-element_type=\"section\" data-settings=\"{&quot;background_background&quot;:&quot;classic&quot;}\">\n\t\t\t\t\t\t<div class=\"elementor-container elementor-column-gap-default\">\n\t\t\t\t\t<div class=\"elementor-column elementor-col-100 elementor-top-column elementor-element elementor-element-6837fe5\" data-id=\"6837fe5\" data-element_type=\"column\">\n\t\t\t<div class=\"elementor-widget-wrap elementor-element-populated\">\n\t\t\t\t\t\t\t\t<div class=\"elementor-element elementor-element-2ab3d7de elementor-widget elementor-widget-heading\" data-id=\"2ab3d7de\" data-element_type=\"widget\" data-widget_type=\"heading.default\">\n\t\t\t\t<div class=\"elementor-widget-container\">\n\t\t\t<h1 class=\"elementor-heading-title elementor-size-default\">office bigcleaning<\/h1>\t\t<\/div>\n\t\t\t\t<\/div>\n\t\t\t\t\t<\/div>\n\t\t<\/div>\n\t\t\t\t\t\t\t<\/div>\n\t\t<\/section>\n\t\t\t\t<section class=\"elementor-section elementor-top-section elementor-element elementor-element-f4a7ea1 elementor-section-boxed elementor-section-height-default elementor-section-height-default\" data-id=\"f4a7ea1\" data-element_type=\"section\">\n\t\t\t\t\t\t<div class=\"elementor-container elementor-column-gap-default\">\n\t\t\t\t\t<div class=\"elementor-column elementor-col-33 elementor-top-column elementor-element elementor-element-22a054b1\" data-id=\"22a054b1\" data-element_type=\"column\">\n\t\t\t<div class=\"elementor-widget-wrap elementor-element-populated\">\n\t\t\t\t\t\t\t\t<div class=\"elementor-element elementor-element-65aee50 elementor-position-top elementor-vertical-align-top elementor-widget elementor-widget-image-box\" data-id=\"65aee50\" data-element_type=\"widget\" data-widget_type=\"image-box.default\">\n\t\t\t\t<div class=\"elementor-widget-container\">\n\t\t\t<div class=\"elementor-image-box-wrapper\"><figure class=\"elementor-image-box-img\"><img loading=\"lazy\" decoding=\"async\" width=\"480\" height=\"520\" src=\"https:\/\/premiumecoclean.hu\/wp-content\/uploads\/2021\/08\/iroda-nagytakari\u0301ta\u0301s.jpg\" class=\"attachment-medium_large size-medium_large\" alt=\"\" srcset=\"https:\/\/premiumecoclean.hu\/wp-content\/uploads\/2021\/08\/iroda-nagytakari\u0301ta\u0301s.jpg 480w, https:\/\/premiumecoclean.hu\/wp-content\/uploads\/2021\/08\/iroda-nagytakari\u0301ta\u0301s-277x300.jpg 277w\" sizes=\"auto, (max-width: 480px) 100vw, 480px\" \/><\/figure><\/div>\t\t<\/div>\n\t\t\t\t<\/div>\n\t\t\t\t\t<\/div>\n\t\t<\/div>\n\t\t\t\t<div class=\"elementor-column elementor-col-66 elementor-top-column elementor-element elementor-element-3acbcbc9\" data-id=\"3acbcbc9\" data-element_type=\"column\">\n\t\t\t<div class=\"elementor-widget-wrap elementor-element-populated\">\n\t\t\t\t\t\t\t\t<div class=\"elementor-element elementor-element-0a5df04 elementor-widget elementor-widget-heading\" data-id=\"0a5df04\" data-element_type=\"widget\" data-widget_type=\"heading.default\">\n\t\t\t\t<div class=\"elementor-widget-container\">\n\t\t\t<h2 class=\"elementor-heading-title elementor-size-default\">eco-friendly office bigcleaning<\/h2>\t\t<\/div>\n\t\t\t\t<\/div>\n\t\t\t\t<div class=\"elementor-element elementor-element-abd6957 elementor-widget elementor-widget-text-editor\" data-id=\"abd6957\" data-element_type=\"widget\" data-widget_type=\"text-editor.default\">\n\t\t\t\t<div class=\"elementor-widget-container\">\n\t\t\t\t\t\t\t\t<p>During major cleaning, we focus on those surfaces that there is no time for during daily cleaning. Particularly, hard-to-reach surfaces that are high up. In addition to general cleaning, this service provides more in-depth dusting, window cleaning, disinfection, and washing of various surfaces. During a deep clean, we also clean under and behind difficult to move furniture and equipment, we wash the railings, handles, lampshades to achieve an immaculately clean, bright and hygienic office. During deep cleaning, we use more powerful professional machines.<\/p><p>If you would like a quote for an eco-friendly deep clean, please do not hesitate.<\/p><p><strong>Entrust your office to a professional team!<\/strong><\/p>\t\t\t\t\t\t<\/div>\n\t\t\t\t<\/div>\n\t\t\t\t<section class=\"elementor-section elementor-inner-section elementor-element elementor-element-64110a0 elementor-section-boxed elementor-section-height-default elementor-section-height-default\" data-id=\"64110a0\" data-element_type=\"section\">\n\t\t\t\t\t\t<div class=\"elementor-container elementor-column-gap-default\">\n\t\t\t\t\t<div class=\"elementor-column elementor-col-50 elementor-inner-column elementor-element elementor-element-6c16773\" data-id=\"6c16773\" data-element_type=\"column\">\n\t\t\t<div class=\"elementor-widget-wrap elementor-element-populated\">\n\t\t\t\t\t\t\t\t<div class=\"elementor-element elementor-element-2a8a3d47 elementor-tablet-align-left elementor-mobile-align-center elementor-widget elementor-widget-button\" data-id=\"2a8a3d47\" data-element_type=\"widget\" data-widget_type=\"button.default\">\n\t\t\t\t<div class=\"elementor-widget-container\">\n\t\t\t\t\t<div class=\"elementor-button-wrapper\">\n\t\t\t<a href=\"https:\/\/premiumecoclean.hu\/ajanlatkeres\/\" class=\"elementor-button-link elementor-button elementor-size-sm elementor-animation-float\" role=\"button\">\n\t\t\t\t\t\t<span class=\"elementor-button-content-wrapper\">\n\t\t\t\t\t\t<span class=\"elementor-button-text\">Request an offer<\/span>\n\t\t<\/span>\n\t\t\t\t\t<\/a>\n\t\t<\/div>\n\t\t\t\t<\/div>\n\t\t\t\t<\/div>\n\t\t\t\t\t<\/div>\n\t\t<\/div>\n\t\t\t\t<div class=\"elementor-column elementor-col-50 elementor-inner-column elementor-element elementor-element-2066145\" data-id=\"2066145\" data-element_type=\"column\">\n\t\t\t<div class=\"elementor-widget-wrap elementor-element-populated\">\n\t\t\t\t\t\t\t\t<div class=\"elementor-element elementor-element-2140d961 elementor-tablet-align-left elementor-mobile-align-center elementor-button-success elementor-widget elementor-widget-button\" data-id=\"2140d961\" data-element_type=\"widget\" data-widget_type=\"button.default\">\n\t\t\t\t<div class=\"elementor-widget-container\">\n\t\t\t\t\t<div class=\"elementor-button-wrapper\">\n\t\t\t<a href=\"https:\/\/premiumecoclean.hu\/en\/references\/\" class=\"elementor-button-link elementor-button elementor-size-sm elementor-animation-float\" role=\"button\">\n\t\t\t\t\t\t<span class=\"elementor-button-content-wrapper\">\n\t\t\t\t\t\t<span class=\"elementor-button-text\">References<\/span>\n\t\t<\/span>\n\t\t\t\t\t<\/a>\n\t\t<\/div>\n\t\t\t\t<\/div>\n\t\t\t\t<\/div>\n\t\t\t\t\t<\/div>\n\t\t<\/div>\n\t\t\t\t\t\t\t<\/div>\n\t\t<\/section>\n\t\t\t\t\t<\/div>\n\t\t<\/div>\n\t\t\t\t\t\t\t<\/div>\n\t\t<\/section>\n\t\t\t\t\t\t<\/div>\n\t\t\t\t\t<\/div>\n\t\t","protected":false},"excerpt":{"rendered":"<p>office bigcleaning eco-friendly office bigcleaning During major cleaning, we focus on those surfaces that there is no time for during daily cleaning. Particularly, hard-to-reach surfaces that are high up. In addition to general cleaning, this service provides more in-depth dusting, window cleaning, disinfection, and washing of various surfaces. During a deep clean, we also clean &hellip;<\/p>\n<p class=\"read-more\"> <a class=\"\" href=\"https:\/\/premiumecoclean.hu\/en\/office-bigcleaning\/\"> <span class=\"screen-reader-text\">office bigcleaning<\/span> Read More &raquo;<\/a><\/p>\n","protected":false},"author":2,"featured_media":0,"parent":0,"menu_order":0,"comment_status":"closed","ping_status":"closed","template":"","meta":{"_eb_attr":"","footnotes":""},"class_list":["post-2537","page","type-page","status-publish","hentry"],"yoast_head":"<!-- This site is optimized with the Yoast SEO plugin v16.8 - https:\/\/yoast.com\/wordpress\/plugins\/seo\/ -->\n<title>office bigcleaning - PremiumEcoClean<\/title>\n<meta name=\"robots\" content=\"index, follow, max-snippet:-1, max-image-preview:large, max-video-preview:-1\" \/>\n<link rel=\"canonical\" href=\"https:\/\/premiumecoclean.hu\/en\/office-bigcleaning\/\" \/>\n<meta property=\"og:locale\" content=\"en_US\" \/>\n<meta property=\"og:type\" content=\"article\" \/>\n<meta property=\"og:title\" content=\"office bigcleaning - PremiumEcoClean\" \/>\n<meta property=\"og:description\" content=\"office bigcleaning eco-friendly office bigcleaning During major cleaning, we focus on those surfaces that there is no time for during daily cleaning. Particularly, hard-to-reach surfaces that are high up. In addition to general cleaning, this service provides more in-depth dusting, window cleaning, disinfection, and washing of various surfaces. During a deep clean, we also clean &hellip; office bigcleaning Read More &raquo;\" \/>\n<meta property=\"og:url\" content=\"https:\/\/premiumecoclean.hu\/en\/office-bigcleaning\/\" \/>\n<meta property=\"og:site_name\" content=\"PremiumEcoClean\" \/>\n<meta property=\"article:modified_time\" content=\"2024-02-14T14:13:41+00:00\" \/>\n<meta property=\"og:image\" content=\"https:\/\/premiumecoclean.hu\/wp-content\/uploads\/2021\/08\/iroda-nagytakari\u0301ta\u0301s.jpg\" \/>\n<meta name=\"twitter:card\" content=\"summary_large_image\" \/>\n<meta name=\"twitter:label1\" content=\"Est. reading time\" \/>\n\t<meta name=\"twitter:data1\" content=\"1 minute\" \/>\n<script type=\"application\/ld+json\" class=\"yoast-schema-graph\">{\"@context\":\"https:\/\/schema.org\",\"@graph\":[{\"@type\":\"WebSite\",\"@id\":\"https:\/\/premiumecoclean.hu\/#website\",\"url\":\"https:\/\/premiumecoclean.hu\/\",\"name\":\"PremiumEcoClean\",\"description\":\"K\\u00f6z\\u00f6sen egy tiszta \\u00e9s k\\u00f6rnyezetbar\\u00e1t \\u00faton.\",\"potentialAction\":[{\"@type\":\"SearchAction\",\"target\":{\"@type\":\"EntryPoint\",\"urlTemplate\":\"https:\/\/premiumecoclean.hu\/?s={search_term_string}\"},\"query-input\":\"required name=search_term_string\"}],\"inLanguage\":\"en-US\"},{\"@type\":\"ImageObject\",\"@id\":\"https:\/\/premiumecoclean.hu\/en\/office-bigcleaning\/#primaryimage\",\"inLanguage\":\"en-US\",\"url\":\"https:\/\/premiumecoclean.hu\/wp-content\/uploads\/2021\/08\/iroda-nagytakari\\u0301ta\\u0301s.jpg\",\"contentUrl\":\"https:\/\/premiumecoclean.hu\/wp-content\/uploads\/2021\/08\/iroda-nagytakari\\u0301ta\\u0301s.jpg\",\"width\":480,\"height\":520},{\"@type\":\"WebPage\",\"@id\":\"https:\/\/premiumecoclean.hu\/en\/office-bigcleaning\/#webpage\",\"url\":\"https:\/\/premiumecoclean.hu\/en\/office-bigcleaning\/\",\"name\":\"office bigcleaning - PremiumEcoClean\",\"isPartOf\":{\"@id\":\"https:\/\/premiumecoclean.hu\/#website\"},\"primaryImageOfPage\":{\"@id\":\"https:\/\/premiumecoclean.hu\/en\/office-bigcleaning\/#primaryimage\"},\"datePublished\":\"2021-08-10T04:44:27+00:00\",\"dateModified\":\"2024-02-14T14:13:41+00:00\",\"breadcrumb\":{\"@id\":\"https:\/\/premiumecoclean.hu\/en\/office-bigcleaning\/#breadcrumb\"},\"inLanguage\":\"en-US\",\"potentialAction\":[{\"@type\":\"ReadAction\",\"target\":[\"https:\/\/premiumecoclean.hu\/en\/office-bigcleaning\/\"]}]},{\"@type\":\"BreadcrumbList\",\"@id\":\"https:\/\/premiumecoclean.hu\/en\/office-bigcleaning\/#breadcrumb\",\"itemListElement\":[{\"@type\":\"ListItem\",\"position\":1,\"name\":\"Kezd\\u0151lap\",\"item\":\"https:\/\/premiumecoclean.hu\/\"},{\"@type\":\"ListItem\",\"position\":2,\"name\":\"office bigcleaning\"}]}]}<\/script>\n<!-- \/ Yoast SEO plugin. -->","yoast_head_json":{"title":"office bigcleaning - PremiumEcoClean","robots":{"index":"index","follow":"follow","max-snippet":"max-snippet:-1","max-image-preview":"max-image-preview:large","max-video-preview":"max-video-preview:-1"},"canonical":"https:\/\/premiumecoclean.hu\/en\/office-bigcleaning\/","og_locale":"en_US","og_type":"article","og_title":"office bigcleaning - PremiumEcoClean","og_description":"office bigcleaning eco-friendly office bigcleaning During major cleaning, we focus on those surfaces that there is no time for during daily cleaning. Particularly, hard-to-reach surfaces that are high up. In addition to general cleaning, this service provides more in-depth dusting, window cleaning, disinfection, and washing of various surfaces. During a deep clean, we also clean &hellip; office bigcleaning Read More &raquo;","og_url":"https:\/\/premiumecoclean.hu\/en\/office-bigcleaning\/","og_site_name":"PremiumEcoClean","article_modified_time":"2024-02-14T14:13:41+00:00","og_image":[{"url":"https:\/\/premiumecoclean.hu\/wp-content\/uploads\/2021\/08\/iroda-nagytakari\u0301ta\u0301s.jpg"}],"twitter_card":"summary_large_image","twitter_misc":{"Est. reading time":"1 minute"},"schema":{"@context":"https:\/\/schema.org","@graph":[{"@type":"WebSite","@id":"https:\/\/premiumecoclean.hu\/#website","url":"https:\/\/premiumecoclean.hu\/","name":"PremiumEcoClean","description":"K\u00f6z\u00f6sen egy tiszta \u00e9s k\u00f6rnyezetbar\u00e1t \u00faton.","potentialAction":[{"@type":"SearchAction","target":{"@type":"EntryPoint","urlTemplate":"https:\/\/premiumecoclean.hu\/?s={search_term_string}"},"query-input":"required name=search_term_string"}],"inLanguage":"en-US"},{"@type":"ImageObject","@id":"https:\/\/premiumecoclean.hu\/en\/office-bigcleaning\/#primaryimage","inLanguage":"en-US","url":"https:\/\/premiumecoclean.hu\/wp-content\/uploads\/2021\/08\/iroda-nagytakari\u0301ta\u0301s.jpg","contentUrl":"https:\/\/premiumecoclean.hu\/wp-content\/uploads\/2021\/08\/iroda-nagytakari\u0301ta\u0301s.jpg","width":480,"height":520},{"@type":"WebPage","@id":"https:\/\/premiumecoclean.hu\/en\/office-bigcleaning\/#webpage","url":"https:\/\/premiumecoclean.hu\/en\/office-bigcleaning\/","name":"office bigcleaning - PremiumEcoClean","isPartOf":{"@id":"https:\/\/premiumecoclean.hu\/#website"},"primaryImageOfPage":{"@id":"https:\/\/premiumecoclean.hu\/en\/office-bigcleaning\/#primaryimage"},"datePublished":"2021-08-10T04:44:27+00:00","dateModified":"2024-02-14T14:13:41+00:00","breadcrumb":{"@id":"https:\/\/premiumecoclean.hu\/en\/office-bigcleaning\/#breadcrumb"},"inLanguage":"en-US","potentialAction":[{"@type":"ReadAction","target":["https:\/\/premiumecoclean.hu\/en\/office-bigcleaning\/"]}]},{"@type":"BreadcrumbList","@id":"https:\/\/premiumecoclean.hu\/en\/office-bigcleaning\/#breadcrumb","itemListElement":[{"@type":"ListItem","position":1,"name":"Kezd\u0151lap","item":"https:\/\/premiumecoclean.hu\/"},{"@type":"ListItem","position":2,"name":"office bigcleaning"}]}]}},"_links":{"self":[{"href":"https:\/\/premiumecoclean.hu\/en\/wp-json\/wp\/v2\/pages\/2537","targetHints":{"allow":["GET"]}}],"collection":[{"href":"https:\/\/premiumecoclean.hu\/en\/wp-json\/wp\/v2\/pages"}],"about":[{"href":"https:\/\/premiumecoclean.hu\/en\/wp-json\/wp\/v2\/types\/page"}],"author":[{"embeddable":true,"href":"https:\/\/premiumecoclean.hu\/en\/wp-json\/wp\/v2\/users\/2"}],"replies":[{"embeddable":true,"href":"https:\/\/premiumecoclean.hu\/en\/wp-json\/wp\/v2\/comments?post=2537"}],"version-history":[{"count":30,"href":"https:\/\/premiumecoclean.hu\/en\/wp-json\/wp\/v2\/pages\/2537\/revisions"}],"predecessor-version":[{"id":6929,"href":"https:\/\/premiumecoclean.hu\/en\/wp-json\/wp\/v2\/pages\/2537\/revisions\/6929"}],"wp:attachment":[{"href":"https:\/\/premiumecoclean.hu\/en\/wp-json\/wp\/v2\/media?parent=2537"}],"curies":[{"name":"wp","href":"https:\/\/api.w.org\/{rel}","templated":true}]}}