{"id":2517,"date":"2021-08-10T04:57:49","date_gmt":"2021-08-10T04:57:49","guid":{"rendered":"https:\/\/premiumecoclean.hu\/auto-karpit-tisztitas\/"},"modified":"2024-02-14T14:19:50","modified_gmt":"2024-02-14T14:19:50","slug":"hall-cleaning","status":"publish","type":"page","link":"https:\/\/premiumecoclean.hu\/en\/hall-cleaning\/","title":{"rendered":"Hall Cleaning"},"content":{"rendered":"\t\t<div data-elementor-type=\"wp-page\" data-elementor-id=\"2517\" class=\"elementor elementor-2517\" data-elementor-settings=\"[]\">\n\t\t\t\t\t\t\t<div class=\"elementor-section-wrap\">\n\t\t\t\t\t\t\t<section class=\"elementor-section elementor-top-section elementor-element elementor-element-1ff116fa elementor-section-boxed elementor-section-height-default elementor-section-height-default\" data-id=\"1ff116fa\" data-element_type=\"section\" data-settings=\"{&quot;background_background&quot;:&quot;classic&quot;}\">\n\t\t\t\t\t\t<div class=\"elementor-container elementor-column-gap-default\">\n\t\t\t\t\t<div class=\"elementor-column elementor-col-100 elementor-top-column elementor-element elementor-element-6837fe5\" data-id=\"6837fe5\" data-element_type=\"column\">\n\t\t\t<div class=\"elementor-widget-wrap elementor-element-populated\">\n\t\t\t\t\t\t\t\t<div class=\"elementor-element elementor-element-2ab3d7de elementor-widget elementor-widget-heading\" data-id=\"2ab3d7de\" data-element_type=\"widget\" data-widget_type=\"heading.default\">\n\t\t\t\t<div class=\"elementor-widget-container\">\n\t\t\t<h1 class=\"elementor-heading-title elementor-size-default\">Hall cleaning\n<\/h1>\t\t<\/div>\n\t\t\t\t<\/div>\n\t\t\t\t\t<\/div>\n\t\t<\/div>\n\t\t\t\t\t\t\t<\/div>\n\t\t<\/section>\n\t\t\t\t<section class=\"elementor-section elementor-top-section elementor-element elementor-element-f4a7ea1 elementor-section-boxed elementor-section-height-default elementor-section-height-default\" data-id=\"f4a7ea1\" data-element_type=\"section\">\n\t\t\t\t\t\t<div class=\"elementor-container elementor-column-gap-default\">\n\t\t\t\t\t<div class=\"elementor-column elementor-col-33 elementor-top-column elementor-element elementor-element-22a054b1\" data-id=\"22a054b1\" data-element_type=\"column\">\n\t\t\t<div class=\"elementor-widget-wrap elementor-element-populated\">\n\t\t\t\t\t\t\t\t<div class=\"elementor-element elementor-element-65aee50 elementor-position-top elementor-vertical-align-top elementor-widget elementor-widget-image-box\" data-id=\"65aee50\" data-element_type=\"widget\" data-widget_type=\"image-box.default\">\n\t\t\t\t<div class=\"elementor-widget-container\">\n\t\t\t<div class=\"elementor-image-box-wrapper\"><figure class=\"elementor-image-box-img\"><img loading=\"lazy\" decoding=\"async\" width=\"768\" height=\"768\" src=\"https:\/\/premiumecoclean.hu\/wp-content\/uploads\/2023\/11\/PremiumEcoClean-raulos-gepi-surolo-automata-takaritas-1600x1600-1-768x768.jpeg\" class=\"attachment-medium_large size-medium_large\" alt=\"\" srcset=\"https:\/\/premiumecoclean.hu\/wp-content\/uploads\/2023\/11\/PremiumEcoClean-raulos-gepi-surolo-automata-takaritas-1600x1600-1-768x768.jpeg 768w, https:\/\/premiumecoclean.hu\/wp-content\/uploads\/2023\/11\/PremiumEcoClean-raulos-gepi-surolo-automata-takaritas-1600x1600-1-300x300.jpeg 300w, https:\/\/premiumecoclean.hu\/wp-content\/uploads\/2023\/11\/PremiumEcoClean-raulos-gepi-surolo-automata-takaritas-1600x1600-1-1024x1024.jpeg 1024w, https:\/\/premiumecoclean.hu\/wp-content\/uploads\/2023\/11\/PremiumEcoClean-raulos-gepi-surolo-automata-takaritas-1600x1600-1-150x150.jpeg 150w, https:\/\/premiumecoclean.hu\/wp-content\/uploads\/2023\/11\/PremiumEcoClean-raulos-gepi-surolo-automata-takaritas-1600x1600-1-1536x1536.jpeg 1536w, https:\/\/premiumecoclean.hu\/wp-content\/uploads\/2023\/11\/PremiumEcoClean-raulos-gepi-surolo-automata-takaritas-1600x1600-1.jpeg 1600w\" sizes=\"auto, (max-width: 768px) 100vw, 768px\" \/><\/figure><\/div>\t\t<\/div>\n\t\t\t\t<\/div>\n\t\t\t\t\t<\/div>\n\t\t<\/div>\n\t\t\t\t<div class=\"elementor-column elementor-col-66 elementor-top-column elementor-element elementor-element-3acbcbc9\" data-id=\"3acbcbc9\" data-element_type=\"column\">\n\t\t\t<div class=\"elementor-widget-wrap elementor-element-populated\">\n\t\t\t\t\t\t\t\t<div class=\"elementor-element elementor-element-0a5df04 elementor-widget elementor-widget-heading\" data-id=\"0a5df04\" data-element_type=\"widget\" data-widget_type=\"heading.default\">\n\t\t\t\t<div class=\"elementor-widget-container\">\n\t\t\t<h2 class=\"elementor-heading-title elementor-size-default\">eco-friendly hall cleaning<\/h2>\t\t<\/div>\n\t\t\t\t<\/div>\n\t\t\t\t<div class=\"elementor-element elementor-element-abd6957 elementor-widget elementor-widget-text-editor\" data-id=\"abd6957\" data-element_type=\"widget\" data-widget_type=\"text-editor.default\">\n\t\t\t\t<div class=\"elementor-widget-container\">\n\t\t\t\t\t\t\t\t<p>Discover the extensive benefits of our environmentally friendly warehouse cleaning service! Our modern machines not only efficiently remove contaminants but also minimize noise levels and are energy-efficient. The use of eco-friendly cleaning agents ensures that no harmful chemicals are released into the environment during cleaning.<\/p><p>Our skilled team is committed to delivering high-quality work, ensuring a clean and organized environment in warehouses. Explore how we can make your warehouse a sustainable and clean space, enhancing your business efficiency with environmentally friendly solutions!<\/p><p><strong>Feel free to reach out to us with confidence!<\/strong><\/p>\t\t\t\t\t\t<\/div>\n\t\t\t\t<\/div>\n\t\t\t\t<section class=\"elementor-section elementor-inner-section elementor-element elementor-element-738c2ca elementor-section-boxed elementor-section-height-default elementor-section-height-default\" data-id=\"738c2ca\" data-element_type=\"section\">\n\t\t\t\t\t\t<div class=\"elementor-container elementor-column-gap-default\">\n\t\t\t\t\t<div class=\"elementor-column elementor-col-50 elementor-inner-column elementor-element elementor-element-7707986\" data-id=\"7707986\" data-element_type=\"column\">\n\t\t\t<div class=\"elementor-widget-wrap elementor-element-populated\">\n\t\t\t\t\t\t\t\t<div class=\"elementor-element elementor-element-5094c5cb elementor-tablet-align-left elementor-mobile-align-center elementor-widget elementor-widget-button\" data-id=\"5094c5cb\" data-element_type=\"widget\" data-widget_type=\"button.default\">\n\t\t\t\t<div class=\"elementor-widget-container\">\n\t\t\t\t\t<div class=\"elementor-button-wrapper\">\n\t\t\t<a href=\"https:\/\/premiumecoclean.hu\/en\/get-a-free-quote\/\" class=\"elementor-button-link elementor-button elementor-size-sm elementor-animation-float\" role=\"button\">\n\t\t\t\t\t\t<span class=\"elementor-button-content-wrapper\">\n\t\t\t\t\t\t<span class=\"elementor-button-text\">Request an offer<\/span>\n\t\t<\/span>\n\t\t\t\t\t<\/a>\n\t\t<\/div>\n\t\t\t\t<\/div>\n\t\t\t\t<\/div>\n\t\t\t\t\t<\/div>\n\t\t<\/div>\n\t\t\t\t<div class=\"elementor-column elementor-col-50 elementor-inner-column elementor-element elementor-element-c9a9e59\" data-id=\"c9a9e59\" data-element_type=\"column\">\n\t\t\t<div class=\"elementor-widget-wrap elementor-element-populated\">\n\t\t\t\t\t\t\t\t<div class=\"elementor-element elementor-element-1fbcd74 elementor-tablet-align-left elementor-mobile-align-center elementor-button-success elementor-widget elementor-widget-button\" data-id=\"1fbcd74\" data-element_type=\"widget\" data-widget_type=\"button.default\">\n\t\t\t\t<div class=\"elementor-widget-container\">\n\t\t\t\t\t<div class=\"elementor-button-wrapper\">\n\t\t\t<a href=\"https:\/\/premiumecoclean.hu\/en\/references\/\" class=\"elementor-button-link elementor-button elementor-size-sm elementor-animation-float\" role=\"button\">\n\t\t\t\t\t\t<span class=\"elementor-button-content-wrapper\">\n\t\t\t\t\t\t<span class=\"elementor-button-text\">references<\/span>\n\t\t<\/span>\n\t\t\t\t\t<\/a>\n\t\t<\/div>\n\t\t\t\t<\/div>\n\t\t\t\t<\/div>\n\t\t\t\t\t<\/div>\n\t\t<\/div>\n\t\t\t\t\t\t\t<\/div>\n\t\t<\/section>\n\t\t\t\t\t<\/div>\n\t\t<\/div>\n\t\t\t\t\t\t\t<\/div>\n\t\t<\/section>\n\t\t\t\t\t\t<\/div>\n\t\t\t\t\t<\/div>\n\t\t","protected":false},"excerpt":{"rendered":"<p>Hall cleaning eco-friendly hall cleaning Discover the extensive benefits of our environmentally friendly warehouse cleaning service! Our modern machines not only efficiently remove contaminants but also minimize noise levels and are energy-efficient. The use of eco-friendly cleaning agents ensures that no harmful chemicals are released into the environment during cleaning. Our skilled team is committed &hellip;<\/p>\n<p class=\"read-more\"> <a class=\"\" href=\"https:\/\/premiumecoclean.hu\/en\/hall-cleaning\/\"> <span class=\"screen-reader-text\">Hall Cleaning<\/span> Read More &raquo;<\/a><\/p>\n","protected":false},"author":2,"featured_media":0,"parent":0,"menu_order":0,"comment_status":"closed","ping_status":"closed","template":"","meta":{"_eb_attr":"","footnotes":""},"class_list":["post-2517","page","type-page","status-publish","hentry"],"yoast_head":"<!-- This site is optimized with the Yoast SEO plugin v16.8 - https:\/\/yoast.com\/wordpress\/plugins\/seo\/ -->\n<title>Hall Cleaning - PremiumEcoClean<\/title>\n<meta name=\"robots\" content=\"index, follow, max-snippet:-1, max-image-preview:large, max-video-preview:-1\" \/>\n<link rel=\"canonical\" href=\"https:\/\/premiumecoclean.hu\/en\/hall-cleaning\/\" \/>\n<meta property=\"og:locale\" content=\"en_US\" \/>\n<meta property=\"og:type\" content=\"article\" \/>\n<meta property=\"og:title\" content=\"Hall Cleaning - PremiumEcoClean\" \/>\n<meta property=\"og:description\" content=\"Hall cleaning eco-friendly hall cleaning Discover the extensive benefits of our environmentally friendly warehouse cleaning service! Our modern machines not only efficiently remove contaminants but also minimize noise levels and are energy-efficient. The use of eco-friendly cleaning agents ensures that no harmful chemicals are released into the environment during cleaning. Our skilled team is committed &hellip; Hall Cleaning Read More &raquo;\" \/>\n<meta property=\"og:url\" content=\"https:\/\/premiumecoclean.hu\/en\/hall-cleaning\/\" \/>\n<meta property=\"og:site_name\" content=\"PremiumEcoClean\" \/>\n<meta property=\"article:modified_time\" content=\"2024-02-14T14:19:50+00:00\" \/>\n<meta property=\"og:image\" content=\"https:\/\/premiumecoclean.hu\/wp-content\/uploads\/2023\/11\/PremiumEcoClean-raulos-gepi-surolo-automata-takaritas-1600x1600-1-768x768.jpeg\" \/>\n<meta name=\"twitter:card\" content=\"summary_large_image\" \/>\n<meta name=\"twitter:label1\" content=\"Est. reading time\" \/>\n\t<meta name=\"twitter:data1\" content=\"1 minute\" \/>\n<script type=\"application\/ld+json\" class=\"yoast-schema-graph\">{\"@context\":\"https:\/\/schema.org\",\"@graph\":[{\"@type\":\"WebSite\",\"@id\":\"https:\/\/premiumecoclean.hu\/#website\",\"url\":\"https:\/\/premiumecoclean.hu\/\",\"name\":\"PremiumEcoClean\",\"description\":\"K\\u00f6z\\u00f6sen egy tiszta \\u00e9s k\\u00f6rnyezetbar\\u00e1t \\u00faton.\",\"potentialAction\":[{\"@type\":\"SearchAction\",\"target\":{\"@type\":\"EntryPoint\",\"urlTemplate\":\"https:\/\/premiumecoclean.hu\/?s={search_term_string}\"},\"query-input\":\"required name=search_term_string\"}],\"inLanguage\":\"en-US\"},{\"@type\":\"ImageObject\",\"@id\":\"https:\/\/premiumecoclean.hu\/en\/hall-cleaning\/#primaryimage\",\"inLanguage\":\"en-US\",\"url\":\"https:\/\/premiumecoclean.hu\/wp-content\/uploads\/2023\/11\/PremiumEcoClean-raulos-gepi-surolo-automata-takaritas-1600x1600-1.jpeg\",\"contentUrl\":\"https:\/\/premiumecoclean.hu\/wp-content\/uploads\/2023\/11\/PremiumEcoClean-raulos-gepi-surolo-automata-takaritas-1600x1600-1.jpeg\",\"width\":1600,\"height\":1600},{\"@type\":\"WebPage\",\"@id\":\"https:\/\/premiumecoclean.hu\/en\/hall-cleaning\/#webpage\",\"url\":\"https:\/\/premiumecoclean.hu\/en\/hall-cleaning\/\",\"name\":\"Hall Cleaning - PremiumEcoClean\",\"isPartOf\":{\"@id\":\"https:\/\/premiumecoclean.hu\/#website\"},\"primaryImageOfPage\":{\"@id\":\"https:\/\/premiumecoclean.hu\/en\/hall-cleaning\/#primaryimage\"},\"datePublished\":\"2021-08-10T04:57:49+00:00\",\"dateModified\":\"2024-02-14T14:19:50+00:00\",\"breadcrumb\":{\"@id\":\"https:\/\/premiumecoclean.hu\/en\/hall-cleaning\/#breadcrumb\"},\"inLanguage\":\"en-US\",\"potentialAction\":[{\"@type\":\"ReadAction\",\"target\":[\"https:\/\/premiumecoclean.hu\/en\/hall-cleaning\/\"]}]},{\"@type\":\"BreadcrumbList\",\"@id\":\"https:\/\/premiumecoclean.hu\/en\/hall-cleaning\/#breadcrumb\",\"itemListElement\":[{\"@type\":\"ListItem\",\"position\":1,\"name\":\"Kezd\\u0151lap\",\"item\":\"https:\/\/premiumecoclean.hu\/\"},{\"@type\":\"ListItem\",\"position\":2,\"name\":\"Hall Cleaning\"}]}]}<\/script>\n<!-- \/ Yoast SEO plugin. -->","yoast_head_json":{"title":"Hall Cleaning - PremiumEcoClean","robots":{"index":"index","follow":"follow","max-snippet":"max-snippet:-1","max-image-preview":"max-image-preview:large","max-video-preview":"max-video-preview:-1"},"canonical":"https:\/\/premiumecoclean.hu\/en\/hall-cleaning\/","og_locale":"en_US","og_type":"article","og_title":"Hall Cleaning - PremiumEcoClean","og_description":"Hall cleaning eco-friendly hall cleaning Discover the extensive benefits of our environmentally friendly warehouse cleaning service! Our modern machines not only efficiently remove contaminants but also minimize noise levels and are energy-efficient. The use of eco-friendly cleaning agents ensures that no harmful chemicals are released into the environment during cleaning. Our skilled team is committed &hellip; Hall Cleaning Read More &raquo;","og_url":"https:\/\/premiumecoclean.hu\/en\/hall-cleaning\/","og_site_name":"PremiumEcoClean","article_modified_time":"2024-02-14T14:19:50+00:00","og_image":[{"url":"https:\/\/premiumecoclean.hu\/wp-content\/uploads\/2023\/11\/PremiumEcoClean-raulos-gepi-surolo-automata-takaritas-1600x1600-1-768x768.jpeg"}],"twitter_card":"summary_large_image","twitter_misc":{"Est. reading time":"1 minute"},"schema":{"@context":"https:\/\/schema.org","@graph":[{"@type":"WebSite","@id":"https:\/\/premiumecoclean.hu\/#website","url":"https:\/\/premiumecoclean.hu\/","name":"PremiumEcoClean","description":"K\u00f6z\u00f6sen egy tiszta \u00e9s k\u00f6rnyezetbar\u00e1t \u00faton.","potentialAction":[{"@type":"SearchAction","target":{"@type":"EntryPoint","urlTemplate":"https:\/\/premiumecoclean.hu\/?s={search_term_string}"},"query-input":"required name=search_term_string"}],"inLanguage":"en-US"},{"@type":"ImageObject","@id":"https:\/\/premiumecoclean.hu\/en\/hall-cleaning\/#primaryimage","inLanguage":"en-US","url":"https:\/\/premiumecoclean.hu\/wp-content\/uploads\/2023\/11\/PremiumEcoClean-raulos-gepi-surolo-automata-takaritas-1600x1600-1.jpeg","contentUrl":"https:\/\/premiumecoclean.hu\/wp-content\/uploads\/2023\/11\/PremiumEcoClean-raulos-gepi-surolo-automata-takaritas-1600x1600-1.jpeg","width":1600,"height":1600},{"@type":"WebPage","@id":"https:\/\/premiumecoclean.hu\/en\/hall-cleaning\/#webpage","url":"https:\/\/premiumecoclean.hu\/en\/hall-cleaning\/","name":"Hall Cleaning - PremiumEcoClean","isPartOf":{"@id":"https:\/\/premiumecoclean.hu\/#website"},"primaryImageOfPage":{"@id":"https:\/\/premiumecoclean.hu\/en\/hall-cleaning\/#primaryimage"},"datePublished":"2021-08-10T04:57:49+00:00","dateModified":"2024-02-14T14:19:50+00:00","breadcrumb":{"@id":"https:\/\/premiumecoclean.hu\/en\/hall-cleaning\/#breadcrumb"},"inLanguage":"en-US","potentialAction":[{"@type":"ReadAction","target":["https:\/\/premiumecoclean.hu\/en\/hall-cleaning\/"]}]},{"@type":"BreadcrumbList","@id":"https:\/\/premiumecoclean.hu\/en\/hall-cleaning\/#breadcrumb","itemListElement":[{"@type":"ListItem","position":1,"name":"Kezd\u0151lap","item":"https:\/\/premiumecoclean.hu\/"},{"@type":"ListItem","position":2,"name":"Hall Cleaning"}]}]}},"_links":{"self":[{"href":"https:\/\/premiumecoclean.hu\/en\/wp-json\/wp\/v2\/pages\/2517","targetHints":{"allow":["GET"]}}],"collection":[{"href":"https:\/\/premiumecoclean.hu\/en\/wp-json\/wp\/v2\/pages"}],"about":[{"href":"https:\/\/premiumecoclean.hu\/en\/wp-json\/wp\/v2\/types\/page"}],"author":[{"embeddable":true,"href":"https:\/\/premiumecoclean.hu\/en\/wp-json\/wp\/v2\/users\/2"}],"replies":[{"embeddable":true,"href":"https:\/\/premiumecoclean.hu\/en\/wp-json\/wp\/v2\/comments?post=2517"}],"version-history":[{"count":43,"href":"https:\/\/premiumecoclean.hu\/en\/wp-json\/wp\/v2\/pages\/2517\/revisions"}],"predecessor-version":[{"id":6947,"href":"https:\/\/premiumecoclean.hu\/en\/wp-json\/wp\/v2\/pages\/2517\/revisions\/6947"}],"wp:attachment":[{"href":"https:\/\/premiumecoclean.hu\/en\/wp-json\/wp\/v2\/media?parent=2517"}],"curies":[{"name":"wp","href":"https:\/\/api.w.org\/{rel}","templated":true}]}}