{"id":2507,"date":"2021-08-10T04:59:07","date_gmt":"2021-08-10T04:59:07","guid":{"rendered":"https:\/\/premiumecoclean.hu\/babakocsi-tisztitas\/"},"modified":"2024-02-14T14:20:46","modified_gmt":"2024-02-14T14:20:46","slug":"solar-panel-cleaning","status":"publish","type":"page","link":"https:\/\/premiumecoclean.hu\/en\/solar-panel-cleaning\/","title":{"rendered":"Solar Panel Cleaning"},"content":{"rendered":"\t\t<div data-elementor-type=\"wp-page\" data-elementor-id=\"2507\" class=\"elementor elementor-2507\" data-elementor-settings=\"[]\">\n\t\t\t\t\t\t\t<div class=\"elementor-section-wrap\">\n\t\t\t\t\t\t\t<section class=\"elementor-section elementor-top-section elementor-element elementor-element-1ff116fa elementor-section-boxed elementor-section-height-default elementor-section-height-default\" data-id=\"1ff116fa\" data-element_type=\"section\" data-settings=\"{&quot;background_background&quot;:&quot;classic&quot;}\">\n\t\t\t\t\t\t<div class=\"elementor-container elementor-column-gap-default\">\n\t\t\t\t\t<div class=\"elementor-column elementor-col-100 elementor-top-column elementor-element elementor-element-6837fe5\" data-id=\"6837fe5\" data-element_type=\"column\">\n\t\t\t<div class=\"elementor-widget-wrap elementor-element-populated\">\n\t\t\t\t\t\t\t\t<div class=\"elementor-element elementor-element-2ab3d7de elementor-widget elementor-widget-heading\" data-id=\"2ab3d7de\" data-element_type=\"widget\" data-widget_type=\"heading.default\">\n\t\t\t\t<div class=\"elementor-widget-container\">\n\t\t\t<h1 class=\"elementor-heading-title elementor-size-default\">Industrial solar panel cleaning<\/h1>\t\t<\/div>\n\t\t\t\t<\/div>\n\t\t\t\t\t<\/div>\n\t\t<\/div>\n\t\t\t\t\t\t\t<\/div>\n\t\t<\/section>\n\t\t\t\t<section class=\"elementor-section elementor-top-section elementor-element elementor-element-f4a7ea1 elementor-section-boxed elementor-section-height-default elementor-section-height-default\" data-id=\"f4a7ea1\" data-element_type=\"section\">\n\t\t\t\t\t\t<div class=\"elementor-container elementor-column-gap-default\">\n\t\t\t\t\t<div class=\"elementor-column elementor-col-33 elementor-top-column elementor-element elementor-element-22a054b1\" data-id=\"22a054b1\" data-element_type=\"column\">\n\t\t\t<div class=\"elementor-widget-wrap elementor-element-populated\">\n\t\t\t\t\t\t\t\t<div class=\"elementor-element elementor-element-65aee50 elementor-position-top elementor-vertical-align-top elementor-widget elementor-widget-image-box\" data-id=\"65aee50\" data-element_type=\"widget\" data-widget_type=\"image-box.default\">\n\t\t\t\t<div class=\"elementor-widget-container\">\n\t\t\t<div class=\"elementor-image-box-wrapper\"><figure class=\"elementor-image-box-img\"><img loading=\"lazy\" decoding=\"async\" width=\"768\" height=\"768\" src=\"https:\/\/premiumecoclean.hu\/wp-content\/uploads\/2023\/11\/PremiumEcoClean-iapri-napelem-tisztitas-1600x1600-1-768x768.jpg\" class=\"attachment-medium_large size-medium_large\" alt=\"\" srcset=\"https:\/\/premiumecoclean.hu\/wp-content\/uploads\/2023\/11\/PremiumEcoClean-iapri-napelem-tisztitas-1600x1600-1-768x768.jpg 768w, https:\/\/premiumecoclean.hu\/wp-content\/uploads\/2023\/11\/PremiumEcoClean-iapri-napelem-tisztitas-1600x1600-1-300x300.jpg 300w, https:\/\/premiumecoclean.hu\/wp-content\/uploads\/2023\/11\/PremiumEcoClean-iapri-napelem-tisztitas-1600x1600-1-1024x1024.jpg 1024w, https:\/\/premiumecoclean.hu\/wp-content\/uploads\/2023\/11\/PremiumEcoClean-iapri-napelem-tisztitas-1600x1600-1-150x150.jpg 150w, https:\/\/premiumecoclean.hu\/wp-content\/uploads\/2023\/11\/PremiumEcoClean-iapri-napelem-tisztitas-1600x1600-1-1536x1536.jpg 1536w, https:\/\/premiumecoclean.hu\/wp-content\/uploads\/2023\/11\/PremiumEcoClean-iapri-napelem-tisztitas-1600x1600-1.jpg 1600w\" sizes=\"auto, (max-width: 768px) 100vw, 768px\" \/><\/figure><\/div>\t\t<\/div>\n\t\t\t\t<\/div>\n\t\t\t\t\t<\/div>\n\t\t<\/div>\n\t\t\t\t<div class=\"elementor-column elementor-col-66 elementor-top-column elementor-element elementor-element-3acbcbc9\" data-id=\"3acbcbc9\" data-element_type=\"column\">\n\t\t\t<div class=\"elementor-widget-wrap elementor-element-populated\">\n\t\t\t\t\t\t\t\t<div class=\"elementor-element elementor-element-0a5df04 elementor-widget elementor-widget-heading\" data-id=\"0a5df04\" data-element_type=\"widget\" data-widget_type=\"heading.default\">\n\t\t\t\t<div class=\"elementor-widget-container\">\n\t\t\t<h2 class=\"elementor-heading-title elementor-size-default\">eco-friendly solar panel cleaning<\/h2>\t\t<\/div>\n\t\t\t\t<\/div>\n\t\t\t\t<div class=\"elementor-element elementor-element-abd6957 elementor-widget elementor-widget-text-editor\" data-id=\"abd6957\" data-element_type=\"widget\" data-widget_type=\"text-editor.default\">\n\t\t\t\t<div class=\"elementor-widget-container\">\n\t\t\t\t\t\t\t\t<p>Explore our environmentally friendly industrial solar panel cleaning service, where excellent cleaning results meet environmental protection. Through our specialized cleaning tools and eco-friendly cleaning agents, we ensure the maximum efficiency of solar panels.<\/p><p>Our expert team is environmentally conscious while cleaning industrial solar panels. Efficient cleaning not only extends the lifespan of solar panels but also contributes to the effective utilization of sustainable energy sources. Discover how we can make your business&#8217;s solar energy system even more efficient and environmentally friendly!<\/p><p><strong>Request a quote from our team!<\/strong><\/p>\t\t\t\t\t\t<\/div>\n\t\t\t\t<\/div>\n\t\t\t\t<section class=\"elementor-section elementor-inner-section elementor-element elementor-element-3e97b83 elementor-section-boxed elementor-section-height-default elementor-section-height-default\" data-id=\"3e97b83\" data-element_type=\"section\">\n\t\t\t\t\t\t<div class=\"elementor-container elementor-column-gap-default\">\n\t\t\t\t\t<div class=\"elementor-column elementor-col-50 elementor-inner-column elementor-element elementor-element-bed93c0\" data-id=\"bed93c0\" data-element_type=\"column\">\n\t\t\t<div class=\"elementor-widget-wrap elementor-element-populated\">\n\t\t\t\t\t\t\t\t<div class=\"elementor-element elementor-element-23c6b717 elementor-tablet-align-left elementor-mobile-align-center elementor-widget elementor-widget-button\" data-id=\"23c6b717\" data-element_type=\"widget\" data-widget_type=\"button.default\">\n\t\t\t\t<div class=\"elementor-widget-container\">\n\t\t\t\t\t<div class=\"elementor-button-wrapper\">\n\t\t\t<a href=\"https:\/\/premiumecoclean.hu\/en\/get-a-free-quote\/\" class=\"elementor-button-link elementor-button elementor-size-sm elementor-animation-float\" role=\"button\">\n\t\t\t\t\t\t<span class=\"elementor-button-content-wrapper\">\n\t\t\t\t\t\t<span class=\"elementor-button-text\">Request an offer<\/span>\n\t\t<\/span>\n\t\t\t\t\t<\/a>\n\t\t<\/div>\n\t\t\t\t<\/div>\n\t\t\t\t<\/div>\n\t\t\t\t\t<\/div>\n\t\t<\/div>\n\t\t\t\t<div class=\"elementor-column elementor-col-50 elementor-inner-column elementor-element elementor-element-ed0e46d\" data-id=\"ed0e46d\" data-element_type=\"column\">\n\t\t\t<div class=\"elementor-widget-wrap elementor-element-populated\">\n\t\t\t\t\t\t\t\t<div class=\"elementor-element elementor-element-6151bc9d elementor-tablet-align-left elementor-mobile-align-center elementor-button-success elementor-widget elementor-widget-button\" data-id=\"6151bc9d\" data-element_type=\"widget\" data-widget_type=\"button.default\">\n\t\t\t\t<div class=\"elementor-widget-container\">\n\t\t\t\t\t<div class=\"elementor-button-wrapper\">\n\t\t\t<a href=\"https:\/\/premiumecoclean.hu\/en\/references\/\" class=\"elementor-button-link elementor-button elementor-size-sm elementor-animation-float\" role=\"button\">\n\t\t\t\t\t\t<span class=\"elementor-button-content-wrapper\">\n\t\t\t\t\t\t<span class=\"elementor-button-text\">references<\/span>\n\t\t<\/span>\n\t\t\t\t\t<\/a>\n\t\t<\/div>\n\t\t\t\t<\/div>\n\t\t\t\t<\/div>\n\t\t\t\t\t<\/div>\n\t\t<\/div>\n\t\t\t\t\t\t\t<\/div>\n\t\t<\/section>\n\t\t\t\t\t<\/div>\n\t\t<\/div>\n\t\t\t\t\t\t\t<\/div>\n\t\t<\/section>\n\t\t\t\t\t\t<\/div>\n\t\t\t\t\t<\/div>\n\t\t","protected":false},"excerpt":{"rendered":"<p>Industrial solar panel cleaning eco-friendly solar panel cleaning Explore our environmentally friendly industrial solar panel cleaning service, where excellent cleaning results meet environmental protection. Through our specialized cleaning tools and eco-friendly cleaning agents, we ensure the maximum efficiency of solar panels. Our expert team is environmentally conscious while cleaning industrial solar panels. Efficient cleaning not &hellip;<\/p>\n<p class=\"read-more\"> <a class=\"\" href=\"https:\/\/premiumecoclean.hu\/en\/solar-panel-cleaning\/\"> <span class=\"screen-reader-text\">Solar Panel Cleaning<\/span> Read More &raquo;<\/a><\/p>\n","protected":false},"author":2,"featured_media":0,"parent":0,"menu_order":0,"comment_status":"closed","ping_status":"closed","template":"","meta":{"_eb_attr":"","footnotes":""},"class_list":["post-2507","page","type-page","status-publish","hentry"],"yoast_head":"<!-- This site is optimized with the Yoast SEO plugin v16.8 - https:\/\/yoast.com\/wordpress\/plugins\/seo\/ -->\n<title>Solar Panel Cleaning - PremiumEcoClean<\/title>\n<meta name=\"robots\" content=\"index, follow, max-snippet:-1, max-image-preview:large, max-video-preview:-1\" \/>\n<link rel=\"canonical\" href=\"https:\/\/premiumecoclean.hu\/en\/solar-panel-cleaning\/\" \/>\n<meta property=\"og:locale\" content=\"en_US\" \/>\n<meta property=\"og:type\" content=\"article\" \/>\n<meta property=\"og:title\" content=\"Solar Panel Cleaning - PremiumEcoClean\" \/>\n<meta property=\"og:description\" content=\"Industrial solar panel cleaning eco-friendly solar panel cleaning Explore our environmentally friendly industrial solar panel cleaning service, where excellent cleaning results meet environmental protection. Through our specialized cleaning tools and eco-friendly cleaning agents, we ensure the maximum efficiency of solar panels. Our expert team is environmentally conscious while cleaning industrial solar panels. Efficient cleaning not &hellip; Solar Panel Cleaning Read More &raquo;\" \/>\n<meta property=\"og:url\" content=\"https:\/\/premiumecoclean.hu\/en\/solar-panel-cleaning\/\" \/>\n<meta property=\"og:site_name\" content=\"PremiumEcoClean\" \/>\n<meta property=\"article:modified_time\" content=\"2024-02-14T14:20:46+00:00\" \/>\n<meta property=\"og:image\" content=\"https:\/\/premiumecoclean.hu\/wp-content\/uploads\/2023\/11\/PremiumEcoClean-iapri-napelem-tisztitas-1600x1600-1-768x768.jpg\" \/>\n<meta name=\"twitter:card\" content=\"summary_large_image\" \/>\n<meta name=\"twitter:label1\" content=\"Est. reading time\" \/>\n\t<meta name=\"twitter:data1\" content=\"2 minutes\" \/>\n<script type=\"application\/ld+json\" class=\"yoast-schema-graph\">{\"@context\":\"https:\/\/schema.org\",\"@graph\":[{\"@type\":\"WebSite\",\"@id\":\"https:\/\/premiumecoclean.hu\/#website\",\"url\":\"https:\/\/premiumecoclean.hu\/\",\"name\":\"PremiumEcoClean\",\"description\":\"K\\u00f6z\\u00f6sen egy tiszta \\u00e9s k\\u00f6rnyezetbar\\u00e1t \\u00faton.\",\"potentialAction\":[{\"@type\":\"SearchAction\",\"target\":{\"@type\":\"EntryPoint\",\"urlTemplate\":\"https:\/\/premiumecoclean.hu\/?s={search_term_string}\"},\"query-input\":\"required name=search_term_string\"}],\"inLanguage\":\"en-US\"},{\"@type\":\"ImageObject\",\"@id\":\"https:\/\/premiumecoclean.hu\/en\/solar-panel-cleaning\/#primaryimage\",\"inLanguage\":\"en-US\",\"url\":\"https:\/\/premiumecoclean.hu\/wp-content\/uploads\/2023\/11\/PremiumEcoClean-iapri-napelem-tisztitas-1600x1600-1.jpg\",\"contentUrl\":\"https:\/\/premiumecoclean.hu\/wp-content\/uploads\/2023\/11\/PremiumEcoClean-iapri-napelem-tisztitas-1600x1600-1.jpg\",\"width\":1600,\"height\":1600},{\"@type\":\"WebPage\",\"@id\":\"https:\/\/premiumecoclean.hu\/en\/solar-panel-cleaning\/#webpage\",\"url\":\"https:\/\/premiumecoclean.hu\/en\/solar-panel-cleaning\/\",\"name\":\"Solar Panel Cleaning - PremiumEcoClean\",\"isPartOf\":{\"@id\":\"https:\/\/premiumecoclean.hu\/#website\"},\"primaryImageOfPage\":{\"@id\":\"https:\/\/premiumecoclean.hu\/en\/solar-panel-cleaning\/#primaryimage\"},\"datePublished\":\"2021-08-10T04:59:07+00:00\",\"dateModified\":\"2024-02-14T14:20:46+00:00\",\"breadcrumb\":{\"@id\":\"https:\/\/premiumecoclean.hu\/en\/solar-panel-cleaning\/#breadcrumb\"},\"inLanguage\":\"en-US\",\"potentialAction\":[{\"@type\":\"ReadAction\",\"target\":[\"https:\/\/premiumecoclean.hu\/en\/solar-panel-cleaning\/\"]}]},{\"@type\":\"BreadcrumbList\",\"@id\":\"https:\/\/premiumecoclean.hu\/en\/solar-panel-cleaning\/#breadcrumb\",\"itemListElement\":[{\"@type\":\"ListItem\",\"position\":1,\"name\":\"Kezd\\u0151lap\",\"item\":\"https:\/\/premiumecoclean.hu\/\"},{\"@type\":\"ListItem\",\"position\":2,\"name\":\"Solar Panel Cleaning\"}]}]}<\/script>\n<!-- \/ Yoast SEO plugin. -->","yoast_head_json":{"title":"Solar Panel Cleaning - PremiumEcoClean","robots":{"index":"index","follow":"follow","max-snippet":"max-snippet:-1","max-image-preview":"max-image-preview:large","max-video-preview":"max-video-preview:-1"},"canonical":"https:\/\/premiumecoclean.hu\/en\/solar-panel-cleaning\/","og_locale":"en_US","og_type":"article","og_title":"Solar Panel Cleaning - PremiumEcoClean","og_description":"Industrial solar panel cleaning eco-friendly solar panel cleaning Explore our environmentally friendly industrial solar panel cleaning service, where excellent cleaning results meet environmental protection. Through our specialized cleaning tools and eco-friendly cleaning agents, we ensure the maximum efficiency of solar panels. Our expert team is environmentally conscious while cleaning industrial solar panels. Efficient cleaning not &hellip; Solar Panel Cleaning Read More &raquo;","og_url":"https:\/\/premiumecoclean.hu\/en\/solar-panel-cleaning\/","og_site_name":"PremiumEcoClean","article_modified_time":"2024-02-14T14:20:46+00:00","og_image":[{"url":"https:\/\/premiumecoclean.hu\/wp-content\/uploads\/2023\/11\/PremiumEcoClean-iapri-napelem-tisztitas-1600x1600-1-768x768.jpg"}],"twitter_card":"summary_large_image","twitter_misc":{"Est. reading time":"2 minutes"},"schema":{"@context":"https:\/\/schema.org","@graph":[{"@type":"WebSite","@id":"https:\/\/premiumecoclean.hu\/#website","url":"https:\/\/premiumecoclean.hu\/","name":"PremiumEcoClean","description":"K\u00f6z\u00f6sen egy tiszta \u00e9s k\u00f6rnyezetbar\u00e1t \u00faton.","potentialAction":[{"@type":"SearchAction","target":{"@type":"EntryPoint","urlTemplate":"https:\/\/premiumecoclean.hu\/?s={search_term_string}"},"query-input":"required name=search_term_string"}],"inLanguage":"en-US"},{"@type":"ImageObject","@id":"https:\/\/premiumecoclean.hu\/en\/solar-panel-cleaning\/#primaryimage","inLanguage":"en-US","url":"https:\/\/premiumecoclean.hu\/wp-content\/uploads\/2023\/11\/PremiumEcoClean-iapri-napelem-tisztitas-1600x1600-1.jpg","contentUrl":"https:\/\/premiumecoclean.hu\/wp-content\/uploads\/2023\/11\/PremiumEcoClean-iapri-napelem-tisztitas-1600x1600-1.jpg","width":1600,"height":1600},{"@type":"WebPage","@id":"https:\/\/premiumecoclean.hu\/en\/solar-panel-cleaning\/#webpage","url":"https:\/\/premiumecoclean.hu\/en\/solar-panel-cleaning\/","name":"Solar Panel Cleaning - PremiumEcoClean","isPartOf":{"@id":"https:\/\/premiumecoclean.hu\/#website"},"primaryImageOfPage":{"@id":"https:\/\/premiumecoclean.hu\/en\/solar-panel-cleaning\/#primaryimage"},"datePublished":"2021-08-10T04:59:07+00:00","dateModified":"2024-02-14T14:20:46+00:00","breadcrumb":{"@id":"https:\/\/premiumecoclean.hu\/en\/solar-panel-cleaning\/#breadcrumb"},"inLanguage":"en-US","potentialAction":[{"@type":"ReadAction","target":["https:\/\/premiumecoclean.hu\/en\/solar-panel-cleaning\/"]}]},{"@type":"BreadcrumbList","@id":"https:\/\/premiumecoclean.hu\/en\/solar-panel-cleaning\/#breadcrumb","itemListElement":[{"@type":"ListItem","position":1,"name":"Kezd\u0151lap","item":"https:\/\/premiumecoclean.hu\/"},{"@type":"ListItem","position":2,"name":"Solar Panel Cleaning"}]}]}},"_links":{"self":[{"href":"https:\/\/premiumecoclean.hu\/en\/wp-json\/wp\/v2\/pages\/2507","targetHints":{"allow":["GET"]}}],"collection":[{"href":"https:\/\/premiumecoclean.hu\/en\/wp-json\/wp\/v2\/pages"}],"about":[{"href":"https:\/\/premiumecoclean.hu\/en\/wp-json\/wp\/v2\/types\/page"}],"author":[{"embeddable":true,"href":"https:\/\/premiumecoclean.hu\/en\/wp-json\/wp\/v2\/users\/2"}],"replies":[{"embeddable":true,"href":"https:\/\/premiumecoclean.hu\/en\/wp-json\/wp\/v2\/comments?post=2507"}],"version-history":[{"count":52,"href":"https:\/\/premiumecoclean.hu\/en\/wp-json\/wp\/v2\/pages\/2507\/revisions"}],"predecessor-version":[{"id":6950,"href":"https:\/\/premiumecoclean.hu\/en\/wp-json\/wp\/v2\/pages\/2507\/revisions\/6950"}],"wp:attachment":[{"href":"https:\/\/premiumecoclean.hu\/en\/wp-json\/wp\/v2\/media?parent=2507"}],"curies":[{"name":"wp","href":"https:\/\/api.w.org\/{rel}","templated":true}]}}