{"id":2499,"date":"2021-08-10T05:04:32","date_gmt":"2021-08-10T05:04:32","guid":{"rendered":"https:\/\/premiumecoclean.hu\/terko-tisztitas\/"},"modified":"2024-02-14T14:23:00","modified_gmt":"2024-02-14T14:23:00","slug":"parkfenntartas","status":"publish","type":"page","link":"https:\/\/premiumecoclean.hu\/en\/parkfenntartas\/","title":{"rendered":"parkfenntart\u00e1s"},"content":{"rendered":"\t\t<div data-elementor-type=\"wp-page\" data-elementor-id=\"2499\" class=\"elementor elementor-2499\" data-elementor-settings=\"[]\">\n\t\t\t\t\t\t\t<div class=\"elementor-section-wrap\">\n\t\t\t\t\t\t\t<section class=\"elementor-section elementor-top-section elementor-element elementor-element-1ff116fa elementor-section-boxed elementor-section-height-default elementor-section-height-default\" data-id=\"1ff116fa\" data-element_type=\"section\" data-settings=\"{&quot;background_background&quot;:&quot;classic&quot;}\">\n\t\t\t\t\t\t<div class=\"elementor-container elementor-column-gap-default\">\n\t\t\t\t\t<div class=\"elementor-column elementor-col-100 elementor-top-column elementor-element elementor-element-6837fe5\" data-id=\"6837fe5\" data-element_type=\"column\">\n\t\t\t<div class=\"elementor-widget-wrap elementor-element-populated\">\n\t\t\t\t\t\t\t\t<div class=\"elementor-element elementor-element-2ab3d7de elementor-widget elementor-widget-heading\" data-id=\"2ab3d7de\" data-element_type=\"widget\" data-widget_type=\"heading.default\">\n\t\t\t\t<div class=\"elementor-widget-container\">\n\t\t\t<h1 class=\"elementor-heading-title elementor-size-default\">Park maintenance\n<\/h1>\t\t<\/div>\n\t\t\t\t<\/div>\n\t\t\t\t\t<\/div>\n\t\t<\/div>\n\t\t\t\t\t\t\t<\/div>\n\t\t<\/section>\n\t\t\t\t<section class=\"elementor-section elementor-top-section elementor-element elementor-element-f4a7ea1 elementor-section-boxed elementor-section-height-default elementor-section-height-default\" data-id=\"f4a7ea1\" data-element_type=\"section\">\n\t\t\t\t\t\t<div class=\"elementor-container elementor-column-gap-default\">\n\t\t\t\t\t<div class=\"elementor-column elementor-col-33 elementor-top-column elementor-element elementor-element-22a054b1\" data-id=\"22a054b1\" data-element_type=\"column\">\n\t\t\t<div class=\"elementor-widget-wrap elementor-element-populated\">\n\t\t\t\t\t\t\t\t<div class=\"elementor-element elementor-element-65aee50 elementor-position-top elementor-vertical-align-top elementor-widget elementor-widget-image-box\" data-id=\"65aee50\" data-element_type=\"widget\" data-widget_type=\"image-box.default\">\n\t\t\t\t<div class=\"elementor-widget-container\">\n\t\t\t<div class=\"elementor-image-box-wrapper\"><figure class=\"elementor-image-box-img\"><img loading=\"lazy\" decoding=\"async\" width=\"768\" height=\"768\" src=\"https:\/\/premiumecoclean.hu\/wp-content\/uploads\/2023\/11\/PremiumEcoClean-parkfenntartas-1600x1600-1-768x768.jpg\" class=\"attachment-medium_large size-medium_large\" alt=\"\" srcset=\"https:\/\/premiumecoclean.hu\/wp-content\/uploads\/2023\/11\/PremiumEcoClean-parkfenntartas-1600x1600-1-768x768.jpg 768w, https:\/\/premiumecoclean.hu\/wp-content\/uploads\/2023\/11\/PremiumEcoClean-parkfenntartas-1600x1600-1-300x300.jpg 300w, https:\/\/premiumecoclean.hu\/wp-content\/uploads\/2023\/11\/PremiumEcoClean-parkfenntartas-1600x1600-1-1024x1024.jpg 1024w, https:\/\/premiumecoclean.hu\/wp-content\/uploads\/2023\/11\/PremiumEcoClean-parkfenntartas-1600x1600-1-150x150.jpg 150w, https:\/\/premiumecoclean.hu\/wp-content\/uploads\/2023\/11\/PremiumEcoClean-parkfenntartas-1600x1600-1-1536x1536.jpg 1536w, https:\/\/premiumecoclean.hu\/wp-content\/uploads\/2023\/11\/PremiumEcoClean-parkfenntartas-1600x1600-1.jpg 1600w\" sizes=\"auto, (max-width: 768px) 100vw, 768px\" \/><\/figure><\/div>\t\t<\/div>\n\t\t\t\t<\/div>\n\t\t\t\t\t<\/div>\n\t\t<\/div>\n\t\t\t\t<div class=\"elementor-column elementor-col-66 elementor-top-column elementor-element elementor-element-3acbcbc9\" data-id=\"3acbcbc9\" data-element_type=\"column\">\n\t\t\t<div class=\"elementor-widget-wrap elementor-element-populated\">\n\t\t\t\t\t\t\t\t<div class=\"elementor-element elementor-element-0a5df04 elementor-widget elementor-widget-heading\" data-id=\"0a5df04\" data-element_type=\"widget\" data-widget_type=\"heading.default\">\n\t\t\t\t<div class=\"elementor-widget-container\">\n\t\t\t<h2 class=\"elementor-heading-title elementor-size-default\">eco-conscious industrial park maintenance<\/h2>\t\t<\/div>\n\t\t\t\t<\/div>\n\t\t\t\t<div class=\"elementor-element elementor-element-abd6957 elementor-widget elementor-widget-text-editor\" data-id=\"abd6957\" data-element_type=\"widget\" data-widget_type=\"text-editor.default\">\n\t\t\t\t<div class=\"elementor-widget-container\">\n\t\t\t\t\t\t\t\t<p>Discover the details of our industrial park maintenance service, where quality work meets environmental consciousness. Our expert team takes care of the industrial park area, employing the latest sustainable technologies and environmentally friendly solutions.<\/p><p>We strive to preserve green spaces, nurture plants, and create an aesthetically pleasing environment. Additionally, we emphasize waste management, contributing to the environmentally sustainable operation of the industrial park.<\/p><p>Learn how we promote efficient and environmentally friendly industrial park maintenance, creating an environment that facilitates the effective operation of businesses!<\/p><p><strong>Request a quote from our team!<\/strong><\/p>\t\t\t\t\t\t<\/div>\n\t\t\t\t<\/div>\n\t\t\t\t<section class=\"elementor-section elementor-inner-section elementor-element elementor-element-ab8ca95 elementor-section-boxed elementor-section-height-default elementor-section-height-default\" data-id=\"ab8ca95\" data-element_type=\"section\">\n\t\t\t\t\t\t<div class=\"elementor-container elementor-column-gap-default\">\n\t\t\t\t\t<div class=\"elementor-column elementor-col-50 elementor-inner-column elementor-element elementor-element-fb97387\" data-id=\"fb97387\" data-element_type=\"column\">\n\t\t\t<div class=\"elementor-widget-wrap elementor-element-populated\">\n\t\t\t\t\t\t\t\t<div class=\"elementor-element elementor-element-2091a021 elementor-tablet-align-left elementor-mobile-align-center elementor-widget elementor-widget-button\" data-id=\"2091a021\" data-element_type=\"widget\" data-widget_type=\"button.default\">\n\t\t\t\t<div class=\"elementor-widget-container\">\n\t\t\t\t\t<div class=\"elementor-button-wrapper\">\n\t\t\t<a href=\"https:\/\/premiumecoclean.hu\/en\/get-a-free-quote\/\" class=\"elementor-button-link elementor-button elementor-size-sm elementor-animation-float\" role=\"button\">\n\t\t\t\t\t\t<span class=\"elementor-button-content-wrapper\">\n\t\t\t\t\t\t<span class=\"elementor-button-text\">Request an offer<\/span>\n\t\t<\/span>\n\t\t\t\t\t<\/a>\n\t\t<\/div>\n\t\t\t\t<\/div>\n\t\t\t\t<\/div>\n\t\t\t\t\t<\/div>\n\t\t<\/div>\n\t\t\t\t<div class=\"elementor-column elementor-col-50 elementor-inner-column elementor-element elementor-element-3db392d\" data-id=\"3db392d\" data-element_type=\"column\">\n\t\t\t<div class=\"elementor-widget-wrap elementor-element-populated\">\n\t\t\t\t\t\t\t\t<div class=\"elementor-element elementor-element-6bc932ab elementor-tablet-align-left elementor-mobile-align-center elementor-button-success elementor-widget elementor-widget-button\" data-id=\"6bc932ab\" data-element_type=\"widget\" data-widget_type=\"button.default\">\n\t\t\t\t<div class=\"elementor-widget-container\">\n\t\t\t\t\t<div class=\"elementor-button-wrapper\">\n\t\t\t<a href=\"https:\/\/premiumecoclean.hu\/en\/references\/\" class=\"elementor-button-link elementor-button elementor-size-sm elementor-animation-float\" role=\"button\">\n\t\t\t\t\t\t<span class=\"elementor-button-content-wrapper\">\n\t\t\t\t\t\t<span class=\"elementor-button-text\">referenci\u00e1k<\/span>\n\t\t<\/span>\n\t\t\t\t\t<\/a>\n\t\t<\/div>\n\t\t\t\t<\/div>\n\t\t\t\t<\/div>\n\t\t\t\t\t<\/div>\n\t\t<\/div>\n\t\t\t\t\t\t\t<\/div>\n\t\t<\/section>\n\t\t\t\t\t<\/div>\n\t\t<\/div>\n\t\t\t\t\t\t\t<\/div>\n\t\t<\/section>\n\t\t\t\t\t\t<\/div>\n\t\t\t\t\t<\/div>\n\t\t","protected":false},"excerpt":{"rendered":"<p>Park maintenance eco-conscious industrial park maintenance Discover the details of our industrial park maintenance service, where quality work meets environmental consciousness. Our expert team takes care of the industrial park area, employing the latest sustainable technologies and environmentally friendly solutions. We strive to preserve green spaces, nurture plants, and create an aesthetically pleasing environment. Additionally, &hellip;<\/p>\n<p class=\"read-more\"> <a class=\"\" href=\"https:\/\/premiumecoclean.hu\/en\/parkfenntartas\/\"> <span class=\"screen-reader-text\">parkfenntart\u00e1s<\/span> Read More &raquo;<\/a><\/p>\n","protected":false},"author":2,"featured_media":0,"parent":0,"menu_order":0,"comment_status":"closed","ping_status":"closed","template":"","meta":{"_eb_attr":"","footnotes":""},"class_list":["post-2499","page","type-page","status-publish","hentry"],"yoast_head":"<!-- This site is optimized with the Yoast SEO plugin v16.8 - https:\/\/yoast.com\/wordpress\/plugins\/seo\/ -->\n<title>parkfenntart\u00e1s - PremiumEcoClean<\/title>\n<meta name=\"robots\" content=\"index, follow, max-snippet:-1, max-image-preview:large, max-video-preview:-1\" \/>\n<link rel=\"canonical\" href=\"https:\/\/premiumecoclean.hu\/en\/parkfenntartas\/\" \/>\n<meta property=\"og:locale\" content=\"en_US\" \/>\n<meta property=\"og:type\" content=\"article\" \/>\n<meta property=\"og:title\" content=\"parkfenntart\u00e1s - PremiumEcoClean\" \/>\n<meta property=\"og:description\" content=\"Park maintenance eco-conscious industrial park maintenance Discover the details of our industrial park maintenance service, where quality work meets environmental consciousness. Our expert team takes care of the industrial park area, employing the latest sustainable technologies and environmentally friendly solutions. We strive to preserve green spaces, nurture plants, and create an aesthetically pleasing environment. Additionally, &hellip; parkfenntart\u00e1s Read More &raquo;\" \/>\n<meta property=\"og:url\" content=\"https:\/\/premiumecoclean.hu\/en\/parkfenntartas\/\" \/>\n<meta property=\"og:site_name\" content=\"PremiumEcoClean\" \/>\n<meta property=\"article:modified_time\" content=\"2024-02-14T14:23:00+00:00\" \/>\n<meta property=\"og:image\" content=\"https:\/\/premiumecoclean.hu\/wp-content\/uploads\/2023\/11\/PremiumEcoClean-parkfenntartas-1600x1600-1-768x768.jpg\" \/>\n<meta name=\"twitter:card\" content=\"summary_large_image\" \/>\n<meta name=\"twitter:label1\" content=\"Est. reading time\" \/>\n\t<meta name=\"twitter:data1\" content=\"1 minute\" \/>\n<script type=\"application\/ld+json\" class=\"yoast-schema-graph\">{\"@context\":\"https:\/\/schema.org\",\"@graph\":[{\"@type\":\"WebSite\",\"@id\":\"https:\/\/premiumecoclean.hu\/#website\",\"url\":\"https:\/\/premiumecoclean.hu\/\",\"name\":\"PremiumEcoClean\",\"description\":\"K\\u00f6z\\u00f6sen egy tiszta \\u00e9s k\\u00f6rnyezetbar\\u00e1t \\u00faton.\",\"potentialAction\":[{\"@type\":\"SearchAction\",\"target\":{\"@type\":\"EntryPoint\",\"urlTemplate\":\"https:\/\/premiumecoclean.hu\/?s={search_term_string}\"},\"query-input\":\"required name=search_term_string\"}],\"inLanguage\":\"en-US\"},{\"@type\":\"ImageObject\",\"@id\":\"https:\/\/premiumecoclean.hu\/en\/parkfenntartas\/#primaryimage\",\"inLanguage\":\"en-US\",\"url\":\"https:\/\/premiumecoclean.hu\/wp-content\/uploads\/2023\/11\/PremiumEcoClean-parkfenntartas-1600x1600-1.jpg\",\"contentUrl\":\"https:\/\/premiumecoclean.hu\/wp-content\/uploads\/2023\/11\/PremiumEcoClean-parkfenntartas-1600x1600-1.jpg\",\"width\":1600,\"height\":1600,\"caption\":\"Driveway Pressure Wash. Cleaning Bricks Road and Garden Paths.\"},{\"@type\":\"WebPage\",\"@id\":\"https:\/\/premiumecoclean.hu\/en\/parkfenntartas\/#webpage\",\"url\":\"https:\/\/premiumecoclean.hu\/en\/parkfenntartas\/\",\"name\":\"parkfenntart\\u00e1s - PremiumEcoClean\",\"isPartOf\":{\"@id\":\"https:\/\/premiumecoclean.hu\/#website\"},\"primaryImageOfPage\":{\"@id\":\"https:\/\/premiumecoclean.hu\/en\/parkfenntartas\/#primaryimage\"},\"datePublished\":\"2021-08-10T05:04:32+00:00\",\"dateModified\":\"2024-02-14T14:23:00+00:00\",\"breadcrumb\":{\"@id\":\"https:\/\/premiumecoclean.hu\/en\/parkfenntartas\/#breadcrumb\"},\"inLanguage\":\"en-US\",\"potentialAction\":[{\"@type\":\"ReadAction\",\"target\":[\"https:\/\/premiumecoclean.hu\/en\/parkfenntartas\/\"]}]},{\"@type\":\"BreadcrumbList\",\"@id\":\"https:\/\/premiumecoclean.hu\/en\/parkfenntartas\/#breadcrumb\",\"itemListElement\":[{\"@type\":\"ListItem\",\"position\":1,\"name\":\"Kezd\\u0151lap\",\"item\":\"https:\/\/premiumecoclean.hu\/\"},{\"@type\":\"ListItem\",\"position\":2,\"name\":\"parkfenntart\\u00e1s\"}]}]}<\/script>\n<!-- \/ Yoast SEO plugin. -->","yoast_head_json":{"title":"parkfenntart\u00e1s - PremiumEcoClean","robots":{"index":"index","follow":"follow","max-snippet":"max-snippet:-1","max-image-preview":"max-image-preview:large","max-video-preview":"max-video-preview:-1"},"canonical":"https:\/\/premiumecoclean.hu\/en\/parkfenntartas\/","og_locale":"en_US","og_type":"article","og_title":"parkfenntart\u00e1s - PremiumEcoClean","og_description":"Park maintenance eco-conscious industrial park maintenance Discover the details of our industrial park maintenance service, where quality work meets environmental consciousness. Our expert team takes care of the industrial park area, employing the latest sustainable technologies and environmentally friendly solutions. We strive to preserve green spaces, nurture plants, and create an aesthetically pleasing environment. Additionally, &hellip; parkfenntart\u00e1s Read More &raquo;","og_url":"https:\/\/premiumecoclean.hu\/en\/parkfenntartas\/","og_site_name":"PremiumEcoClean","article_modified_time":"2024-02-14T14:23:00+00:00","og_image":[{"url":"https:\/\/premiumecoclean.hu\/wp-content\/uploads\/2023\/11\/PremiumEcoClean-parkfenntartas-1600x1600-1-768x768.jpg"}],"twitter_card":"summary_large_image","twitter_misc":{"Est. reading time":"1 minute"},"schema":{"@context":"https:\/\/schema.org","@graph":[{"@type":"WebSite","@id":"https:\/\/premiumecoclean.hu\/#website","url":"https:\/\/premiumecoclean.hu\/","name":"PremiumEcoClean","description":"K\u00f6z\u00f6sen egy tiszta \u00e9s k\u00f6rnyezetbar\u00e1t \u00faton.","potentialAction":[{"@type":"SearchAction","target":{"@type":"EntryPoint","urlTemplate":"https:\/\/premiumecoclean.hu\/?s={search_term_string}"},"query-input":"required name=search_term_string"}],"inLanguage":"en-US"},{"@type":"ImageObject","@id":"https:\/\/premiumecoclean.hu\/en\/parkfenntartas\/#primaryimage","inLanguage":"en-US","url":"https:\/\/premiumecoclean.hu\/wp-content\/uploads\/2023\/11\/PremiumEcoClean-parkfenntartas-1600x1600-1.jpg","contentUrl":"https:\/\/premiumecoclean.hu\/wp-content\/uploads\/2023\/11\/PremiumEcoClean-parkfenntartas-1600x1600-1.jpg","width":1600,"height":1600,"caption":"Driveway Pressure Wash. Cleaning Bricks Road and Garden Paths."},{"@type":"WebPage","@id":"https:\/\/premiumecoclean.hu\/en\/parkfenntartas\/#webpage","url":"https:\/\/premiumecoclean.hu\/en\/parkfenntartas\/","name":"parkfenntart\u00e1s - PremiumEcoClean","isPartOf":{"@id":"https:\/\/premiumecoclean.hu\/#website"},"primaryImageOfPage":{"@id":"https:\/\/premiumecoclean.hu\/en\/parkfenntartas\/#primaryimage"},"datePublished":"2021-08-10T05:04:32+00:00","dateModified":"2024-02-14T14:23:00+00:00","breadcrumb":{"@id":"https:\/\/premiumecoclean.hu\/en\/parkfenntartas\/#breadcrumb"},"inLanguage":"en-US","potentialAction":[{"@type":"ReadAction","target":["https:\/\/premiumecoclean.hu\/en\/parkfenntartas\/"]}]},{"@type":"BreadcrumbList","@id":"https:\/\/premiumecoclean.hu\/en\/parkfenntartas\/#breadcrumb","itemListElement":[{"@type":"ListItem","position":1,"name":"Kezd\u0151lap","item":"https:\/\/premiumecoclean.hu\/"},{"@type":"ListItem","position":2,"name":"parkfenntart\u00e1s"}]}]}},"_links":{"self":[{"href":"https:\/\/premiumecoclean.hu\/en\/wp-json\/wp\/v2\/pages\/2499","targetHints":{"allow":["GET"]}}],"collection":[{"href":"https:\/\/premiumecoclean.hu\/en\/wp-json\/wp\/v2\/pages"}],"about":[{"href":"https:\/\/premiumecoclean.hu\/en\/wp-json\/wp\/v2\/types\/page"}],"author":[{"embeddable":true,"href":"https:\/\/premiumecoclean.hu\/en\/wp-json\/wp\/v2\/users\/2"}],"replies":[{"embeddable":true,"href":"https:\/\/premiumecoclean.hu\/en\/wp-json\/wp\/v2\/comments?post=2499"}],"version-history":[{"count":38,"href":"https:\/\/premiumecoclean.hu\/en\/wp-json\/wp\/v2\/pages\/2499\/revisions"}],"predecessor-version":[{"id":6956,"href":"https:\/\/premiumecoclean.hu\/en\/wp-json\/wp\/v2\/pages\/2499\/revisions\/6956"}],"wp:attachment":[{"href":"https:\/\/premiumecoclean.hu\/en\/wp-json\/wp\/v2\/media?parent=2499"}],"curies":[{"name":"wp","href":"https:\/\/api.w.org\/{rel}","templated":true}]}}