{"id":2485,"date":"2021-08-10T05:11:16","date_gmt":"2021-08-10T05:11:16","guid":{"rendered":"https:\/\/premiumecoclean.hu\/hajotisztitas\/"},"modified":"2024-02-14T14:25:54","modified_gmt":"2024-02-14T14:25:54","slug":"hall-floor-basic-cleaning-and-coating","status":"publish","type":"page","link":"https:\/\/premiumecoclean.hu\/en\/hall-floor-basic-cleaning-and-coating\/","title":{"rendered":"Hall Floor Basic Cleaning And Coating"},"content":{"rendered":"\t\t<div data-elementor-type=\"wp-page\" data-elementor-id=\"2485\" class=\"elementor elementor-2485\" data-elementor-settings=\"[]\">\n\t\t\t\t\t\t\t<div class=\"elementor-section-wrap\">\n\t\t\t\t\t\t\t<section class=\"elementor-section elementor-top-section elementor-element elementor-element-1ff116fa elementor-section-boxed elementor-section-height-default elementor-section-height-default\" data-id=\"1ff116fa\" data-element_type=\"section\" data-settings=\"{&quot;background_background&quot;:&quot;classic&quot;}\">\n\t\t\t\t\t\t<div class=\"elementor-container elementor-column-gap-default\">\n\t\t\t\t\t<div class=\"elementor-column elementor-col-100 elementor-top-column elementor-element elementor-element-6837fe5\" data-id=\"6837fe5\" data-element_type=\"column\">\n\t\t\t<div class=\"elementor-widget-wrap elementor-element-populated\">\n\t\t\t\t\t\t\t\t<div class=\"elementor-element elementor-element-2ab3d7de elementor-widget elementor-widget-heading\" data-id=\"2ab3d7de\" data-element_type=\"widget\" data-widget_type=\"heading.default\">\n\t\t\t\t<div class=\"elementor-widget-container\">\n\t\t\t<h1 class=\"elementor-heading-title elementor-size-default\">Hall Floor Basic Cleaning And Coating<\/h1>\t\t<\/div>\n\t\t\t\t<\/div>\n\t\t\t\t\t<\/div>\n\t\t<\/div>\n\t\t\t\t\t\t\t<\/div>\n\t\t<\/section>\n\t\t\t\t<section class=\"elementor-section elementor-top-section elementor-element elementor-element-f4a7ea1 elementor-section-boxed elementor-section-height-default elementor-section-height-default\" data-id=\"f4a7ea1\" data-element_type=\"section\">\n\t\t\t\t\t\t<div class=\"elementor-container elementor-column-gap-default\">\n\t\t\t\t\t<div class=\"elementor-column elementor-col-33 elementor-top-column elementor-element elementor-element-22a054b1\" data-id=\"22a054b1\" data-element_type=\"column\">\n\t\t\t<div class=\"elementor-widget-wrap elementor-element-populated\">\n\t\t\t\t\t\t\t\t<div class=\"elementor-element elementor-element-65aee50 elementor-position-top elementor-vertical-align-top elementor-widget elementor-widget-image-box\" data-id=\"65aee50\" data-element_type=\"widget\" data-widget_type=\"image-box.default\">\n\t\t\t\t<div class=\"elementor-widget-container\">\n\t\t\t<div class=\"elementor-image-box-wrapper\"><\/div>\t\t<\/div>\n\t\t\t\t<\/div>\n\t\t\t\t\t<\/div>\n\t\t<\/div>\n\t\t\t\t<div class=\"elementor-column elementor-col-66 elementor-top-column elementor-element elementor-element-3acbcbc9\" data-id=\"3acbcbc9\" data-element_type=\"column\">\n\t\t\t<div class=\"elementor-widget-wrap elementor-element-populated\">\n\t\t\t\t\t\t\t\t<div class=\"elementor-element elementor-element-0a5df04 elementor-widget elementor-widget-heading\" data-id=\"0a5df04\" data-element_type=\"widget\" data-widget_type=\"heading.default\">\n\t\t\t\t<div class=\"elementor-widget-container\">\n\t\t\t<h2 class=\"elementor-heading-title elementor-size-default\">eco-friendly hall floor basic cleaning and coating<\/h2>\t\t<\/div>\n\t\t\t\t<\/div>\n\t\t\t\t<div class=\"elementor-element elementor-element-abd6957 elementor-widget elementor-widget-text-editor\" data-id=\"abd6957\" data-element_type=\"widget\" data-widget_type=\"text-editor.default\">\n\t\t\t\t<div class=\"elementor-widget-container\">\n\t\t\t\t\t\t\t\t<p>Discover the details of our environmentally friendly warehouse floor basic cleaning and coating service! We offer modern technology and eco-friendly cleaning agents to ensure not only the cleanliness of your warehouse floor but also its long-term preservation.<\/p><p>Our specialized basic cleaning procedures effectively remove stubborn stains, while our coating process provides protection against wear, scratches, and other detrimental effects. This guarantees that your warehouse floor remains not only aesthetically appealing but also durable over the long term. Choose our services and enjoy the benefits of sustainable cleanliness and protection in your warehouse!<\/p><p><strong>Don&#8217;t hesitate, request a quote from our professional team!<\/strong><\/p>\t\t\t\t\t\t<\/div>\n\t\t\t\t<\/div>\n\t\t\t\t<section class=\"elementor-section elementor-inner-section elementor-element elementor-element-8fcfe7d elementor-section-boxed elementor-section-height-default elementor-section-height-default\" data-id=\"8fcfe7d\" data-element_type=\"section\">\n\t\t\t\t\t\t<div class=\"elementor-container elementor-column-gap-default\">\n\t\t\t\t\t<div class=\"elementor-column elementor-col-50 elementor-inner-column elementor-element elementor-element-6b2db64\" data-id=\"6b2db64\" data-element_type=\"column\">\n\t\t\t<div class=\"elementor-widget-wrap elementor-element-populated\">\n\t\t\t\t\t\t\t\t<div class=\"elementor-element elementor-element-4c74448b elementor-tablet-align-left elementor-mobile-align-center elementor-widget elementor-widget-button\" data-id=\"4c74448b\" data-element_type=\"widget\" data-widget_type=\"button.default\">\n\t\t\t\t<div class=\"elementor-widget-container\">\n\t\t\t\t\t<div class=\"elementor-button-wrapper\">\n\t\t\t<a href=\"https:\/\/premiumecoclean.hu\/en\/get-a-free-quote\/\" class=\"elementor-button-link elementor-button elementor-size-sm elementor-animation-float\" role=\"button\">\n\t\t\t\t\t\t<span class=\"elementor-button-content-wrapper\">\n\t\t\t\t\t\t<span class=\"elementor-button-text\">Request an offer<\/span>\n\t\t<\/span>\n\t\t\t\t\t<\/a>\n\t\t<\/div>\n\t\t\t\t<\/div>\n\t\t\t\t<\/div>\n\t\t\t\t\t<\/div>\n\t\t<\/div>\n\t\t\t\t<div class=\"elementor-column elementor-col-50 elementor-inner-column elementor-element elementor-element-401a654\" data-id=\"401a654\" data-element_type=\"column\">\n\t\t\t<div class=\"elementor-widget-wrap elementor-element-populated\">\n\t\t\t\t\t\t\t\t<div class=\"elementor-element elementor-element-ac3cdf5 elementor-tablet-align-left elementor-mobile-align-center elementor-button-success elementor-widget elementor-widget-button\" data-id=\"ac3cdf5\" data-element_type=\"widget\" data-widget_type=\"button.default\">\n\t\t\t\t<div class=\"elementor-widget-container\">\n\t\t\t\t\t<div class=\"elementor-button-wrapper\">\n\t\t\t<a href=\"https:\/\/premiumecoclean.hu\/en\/references\/\" class=\"elementor-button-link elementor-button elementor-size-sm elementor-animation-float\" role=\"button\">\n\t\t\t\t\t\t<span class=\"elementor-button-content-wrapper\">\n\t\t\t\t\t\t<span class=\"elementor-button-text\">references<\/span>\n\t\t<\/span>\n\t\t\t\t\t<\/a>\n\t\t<\/div>\n\t\t\t\t<\/div>\n\t\t\t\t<\/div>\n\t\t\t\t\t<\/div>\n\t\t<\/div>\n\t\t\t\t\t\t\t<\/div>\n\t\t<\/section>\n\t\t\t\t\t<\/div>\n\t\t<\/div>\n\t\t\t\t\t\t\t<\/div>\n\t\t<\/section>\n\t\t\t\t\t\t<\/div>\n\t\t\t\t\t<\/div>\n\t\t","protected":false},"excerpt":{"rendered":"<p>Hall Floor Basic Cleaning And Coating eco-friendly hall floor basic cleaning and coating Discover the details of our environmentally friendly warehouse floor basic cleaning and coating service! We offer modern technology and eco-friendly cleaning agents to ensure not only the cleanliness of your warehouse floor but also its long-term preservation. Our specialized basic cleaning procedures &hellip;<\/p>\n<p class=\"read-more\"> <a class=\"\" href=\"https:\/\/premiumecoclean.hu\/en\/hall-floor-basic-cleaning-and-coating\/\"> <span class=\"screen-reader-text\">Hall Floor Basic Cleaning And Coating<\/span> Read More &raquo;<\/a><\/p>\n","protected":false},"author":2,"featured_media":0,"parent":0,"menu_order":0,"comment_status":"closed","ping_status":"closed","template":"","meta":{"_eb_attr":"","footnotes":""},"class_list":["post-2485","page","type-page","status-publish","hentry"],"yoast_head":"<!-- This site is optimized with the Yoast SEO plugin v16.8 - https:\/\/yoast.com\/wordpress\/plugins\/seo\/ -->\n<title>Hall Floor Basic Cleaning And Coating - PremiumEcoClean<\/title>\n<meta name=\"robots\" content=\"index, follow, max-snippet:-1, max-image-preview:large, max-video-preview:-1\" \/>\n<link rel=\"canonical\" href=\"https:\/\/premiumecoclean.hu\/en\/hall-floor-basic-cleaning-and-coating\/\" \/>\n<meta property=\"og:locale\" content=\"en_US\" \/>\n<meta property=\"og:type\" content=\"article\" \/>\n<meta property=\"og:title\" content=\"Hall Floor Basic Cleaning And Coating - PremiumEcoClean\" \/>\n<meta property=\"og:description\" content=\"Hall Floor Basic Cleaning And Coating eco-friendly hall floor basic cleaning and coating Discover the details of our environmentally friendly warehouse floor basic cleaning and coating service! We offer modern technology and eco-friendly cleaning agents to ensure not only the cleanliness of your warehouse floor but also its long-term preservation. Our specialized basic cleaning procedures &hellip; Hall Floor Basic Cleaning And Coating Read More &raquo;\" \/>\n<meta property=\"og:url\" content=\"https:\/\/premiumecoclean.hu\/en\/hall-floor-basic-cleaning-and-coating\/\" \/>\n<meta property=\"og:site_name\" content=\"PremiumEcoClean\" \/>\n<meta property=\"article:modified_time\" content=\"2024-02-14T14:25:54+00:00\" \/>\n<meta name=\"twitter:card\" content=\"summary_large_image\" \/>\n<meta name=\"twitter:label1\" content=\"Est. reading time\" \/>\n\t<meta name=\"twitter:data1\" content=\"1 minute\" \/>\n<script type=\"application\/ld+json\" class=\"yoast-schema-graph\">{\"@context\":\"https:\/\/schema.org\",\"@graph\":[{\"@type\":\"WebSite\",\"@id\":\"https:\/\/premiumecoclean.hu\/#website\",\"url\":\"https:\/\/premiumecoclean.hu\/\",\"name\":\"PremiumEcoClean\",\"description\":\"K\\u00f6z\\u00f6sen egy tiszta \\u00e9s k\\u00f6rnyezetbar\\u00e1t \\u00faton.\",\"potentialAction\":[{\"@type\":\"SearchAction\",\"target\":{\"@type\":\"EntryPoint\",\"urlTemplate\":\"https:\/\/premiumecoclean.hu\/?s={search_term_string}\"},\"query-input\":\"required name=search_term_string\"}],\"inLanguage\":\"en-US\"},{\"@type\":\"WebPage\",\"@id\":\"https:\/\/premiumecoclean.hu\/en\/hall-floor-basic-cleaning-and-coating\/#webpage\",\"url\":\"https:\/\/premiumecoclean.hu\/en\/hall-floor-basic-cleaning-and-coating\/\",\"name\":\"Hall Floor Basic Cleaning And Coating - PremiumEcoClean\",\"isPartOf\":{\"@id\":\"https:\/\/premiumecoclean.hu\/#website\"},\"datePublished\":\"2021-08-10T05:11:16+00:00\",\"dateModified\":\"2024-02-14T14:25:54+00:00\",\"breadcrumb\":{\"@id\":\"https:\/\/premiumecoclean.hu\/en\/hall-floor-basic-cleaning-and-coating\/#breadcrumb\"},\"inLanguage\":\"en-US\",\"potentialAction\":[{\"@type\":\"ReadAction\",\"target\":[\"https:\/\/premiumecoclean.hu\/en\/hall-floor-basic-cleaning-and-coating\/\"]}]},{\"@type\":\"BreadcrumbList\",\"@id\":\"https:\/\/premiumecoclean.hu\/en\/hall-floor-basic-cleaning-and-coating\/#breadcrumb\",\"itemListElement\":[{\"@type\":\"ListItem\",\"position\":1,\"name\":\"Kezd\\u0151lap\",\"item\":\"https:\/\/premiumecoclean.hu\/\"},{\"@type\":\"ListItem\",\"position\":2,\"name\":\"Hall Floor Basic Cleaning And Coating\"}]}]}<\/script>\n<!-- \/ Yoast SEO plugin. -->","yoast_head_json":{"title":"Hall Floor Basic Cleaning And Coating - PremiumEcoClean","robots":{"index":"index","follow":"follow","max-snippet":"max-snippet:-1","max-image-preview":"max-image-preview:large","max-video-preview":"max-video-preview:-1"},"canonical":"https:\/\/premiumecoclean.hu\/en\/hall-floor-basic-cleaning-and-coating\/","og_locale":"en_US","og_type":"article","og_title":"Hall Floor Basic Cleaning And Coating - PremiumEcoClean","og_description":"Hall Floor Basic Cleaning And Coating eco-friendly hall floor basic cleaning and coating Discover the details of our environmentally friendly warehouse floor basic cleaning and coating service! We offer modern technology and eco-friendly cleaning agents to ensure not only the cleanliness of your warehouse floor but also its long-term preservation. Our specialized basic cleaning procedures &hellip; Hall Floor Basic Cleaning And Coating Read More &raquo;","og_url":"https:\/\/premiumecoclean.hu\/en\/hall-floor-basic-cleaning-and-coating\/","og_site_name":"PremiumEcoClean","article_modified_time":"2024-02-14T14:25:54+00:00","twitter_card":"summary_large_image","twitter_misc":{"Est. reading time":"1 minute"},"schema":{"@context":"https:\/\/schema.org","@graph":[{"@type":"WebSite","@id":"https:\/\/premiumecoclean.hu\/#website","url":"https:\/\/premiumecoclean.hu\/","name":"PremiumEcoClean","description":"K\u00f6z\u00f6sen egy tiszta \u00e9s k\u00f6rnyezetbar\u00e1t \u00faton.","potentialAction":[{"@type":"SearchAction","target":{"@type":"EntryPoint","urlTemplate":"https:\/\/premiumecoclean.hu\/?s={search_term_string}"},"query-input":"required name=search_term_string"}],"inLanguage":"en-US"},{"@type":"WebPage","@id":"https:\/\/premiumecoclean.hu\/en\/hall-floor-basic-cleaning-and-coating\/#webpage","url":"https:\/\/premiumecoclean.hu\/en\/hall-floor-basic-cleaning-and-coating\/","name":"Hall Floor Basic Cleaning And Coating - PremiumEcoClean","isPartOf":{"@id":"https:\/\/premiumecoclean.hu\/#website"},"datePublished":"2021-08-10T05:11:16+00:00","dateModified":"2024-02-14T14:25:54+00:00","breadcrumb":{"@id":"https:\/\/premiumecoclean.hu\/en\/hall-floor-basic-cleaning-and-coating\/#breadcrumb"},"inLanguage":"en-US","potentialAction":[{"@type":"ReadAction","target":["https:\/\/premiumecoclean.hu\/en\/hall-floor-basic-cleaning-and-coating\/"]}]},{"@type":"BreadcrumbList","@id":"https:\/\/premiumecoclean.hu\/en\/hall-floor-basic-cleaning-and-coating\/#breadcrumb","itemListElement":[{"@type":"ListItem","position":1,"name":"Kezd\u0151lap","item":"https:\/\/premiumecoclean.hu\/"},{"@type":"ListItem","position":2,"name":"Hall Floor Basic Cleaning And Coating"}]}]}},"_links":{"self":[{"href":"https:\/\/premiumecoclean.hu\/en\/wp-json\/wp\/v2\/pages\/2485","targetHints":{"allow":["GET"]}}],"collection":[{"href":"https:\/\/premiumecoclean.hu\/en\/wp-json\/wp\/v2\/pages"}],"about":[{"href":"https:\/\/premiumecoclean.hu\/en\/wp-json\/wp\/v2\/types\/page"}],"author":[{"embeddable":true,"href":"https:\/\/premiumecoclean.hu\/en\/wp-json\/wp\/v2\/users\/2"}],"replies":[{"embeddable":true,"href":"https:\/\/premiumecoclean.hu\/en\/wp-json\/wp\/v2\/comments?post=2485"}],"version-history":[{"count":36,"href":"https:\/\/premiumecoclean.hu\/en\/wp-json\/wp\/v2\/pages\/2485\/revisions"}],"predecessor-version":[{"id":6965,"href":"https:\/\/premiumecoclean.hu\/en\/wp-json\/wp\/v2\/pages\/2485\/revisions\/6965"}],"wp:attachment":[{"href":"https:\/\/premiumecoclean.hu\/en\/wp-json\/wp\/v2\/media?parent=2485"}],"curies":[{"name":"wp","href":"https:\/\/api.w.org\/{rel}","templated":true}]}}