{"id":2481,"date":"2021-08-16T05:38:48","date_gmt":"2021-08-16T05:38:48","guid":{"rendered":"https:\/\/premiumecoclean.hu\/impresszum\/"},"modified":"2021-09-01T19:13:49","modified_gmt":"2021-09-01T19:13:49","slug":"impresszum","status":"publish","type":"page","link":"https:\/\/premiumecoclean.hu\/en\/impresszum\/","title":{"rendered":"Impresszum"},"content":{"rendered":"\t\t<div data-elementor-type=\"wp-page\" data-elementor-id=\"2481\" class=\"elementor elementor-2481\" data-elementor-settings=\"[]\">\n\t\t\t\t\t\t\t<div class=\"elementor-section-wrap\">\n\t\t\t\t\t\t\t<section class=\"elementor-section elementor-top-section elementor-element elementor-element-fd63d3a elementor-section-boxed elementor-section-height-default elementor-section-height-default\" data-id=\"fd63d3a\" data-element_type=\"section\">\n\t\t\t\t\t\t<div class=\"elementor-container elementor-column-gap-default\">\n\t\t\t\t\t<div class=\"elementor-column elementor-col-100 elementor-top-column elementor-element elementor-element-2dcfa5db\" data-id=\"2dcfa5db\" data-element_type=\"column\">\n\t\t\t<div class=\"elementor-widget-wrap elementor-element-populated\">\n\t\t\t\t\t\t\t\t<div class=\"elementor-element elementor-element-8f25f35 elementor-widget elementor-widget-text-editor\" data-id=\"8f25f35\" data-element_type=\"widget\" data-widget_type=\"text-editor.default\">\n\t\t\t\t<div class=\"elementor-widget-container\">\n\t\t\t\t\t\t\t\t<p><strong>A honlap \u00fczemeltet\u0151je:<\/strong><\/p><p>Ponnert P\u00e9ter egy\u00e9ni v\u00e1llalkoz\u00f3 kis ad\u00f3z\u00f3<\/p><p><strong>Ad\u00f3sz\u00e1ma: <\/strong>57643100-1-27<\/p><p><strong>Ny\u00edlv\u00e1ntart\u00e1si sz\u00e1m:\u00a0<\/strong>56286854<\/p><p><strong>Sz\u00e9khelye, levelez\u00e9si c\u00edme:<\/strong><\/p><p>8000 Sz\u00e9kesfeh\u00e9rv\u00e1r, Barack utca 8\/A Fsz 2.<\/p><p><strong>Telefonsz\u00e1ma \u00e9s elektronikus levelez\u00e9si c\u00edme: <\/strong><\/p><p>+36-70\/432-5146, office@peclean.hu<\/p><p><strong>T\u00e1rhelyszolg\u00e1ltat\u00f3 adatai:<\/strong><\/p><p>T\u00e1rhely.Eu Szolg\u00e1ltat\u00f3 Kft.<\/p><p><strong>Sz\u00e9khelye:<\/strong> 1144 Budapest, Orm\u00e1ns\u00e1g utca 4. X. emelet 241.<\/p><p><strong>E-mail c\u00edme:<\/strong> utalas@tarhely.eu<\/p>\t\t\t\t\t\t<\/div>\n\t\t\t\t<\/div>\n\t\t\t\t\t<\/div>\n\t\t<\/div>\n\t\t\t\t\t\t\t<\/div>\n\t\t<\/section>\n\t\t\t\t\t\t<\/div>\n\t\t\t\t\t<\/div>\n\t\t","protected":false},"excerpt":{"rendered":"<p>A honlap \u00fczemeltet\u0151je: Ponnert P\u00e9ter egy\u00e9ni v\u00e1llalkoz\u00f3 kis ad\u00f3z\u00f3 Ad\u00f3sz\u00e1ma: 57643100-1-27 Ny\u00edlv\u00e1ntart\u00e1si sz\u00e1m:\u00a056286854 Sz\u00e9khelye, levelez\u00e9si c\u00edme: 8000 Sz\u00e9kesfeh\u00e9rv\u00e1r, Barack utca 8\/A Fsz 2. Telefonsz\u00e1ma \u00e9s elektronikus levelez\u00e9si c\u00edme: +36-70\/432-5146, office@peclean.hu T\u00e1rhelyszolg\u00e1ltat\u00f3 adatai: T\u00e1rhely.Eu Szolg\u00e1ltat\u00f3 Kft. Sz\u00e9khelye: 1144 Budapest, Orm\u00e1ns\u00e1g utca 4. X. emelet 241. E-mail c\u00edme: utalas@tarhely.eu<\/p>\n","protected":false},"author":2,"featured_media":0,"parent":0,"menu_order":0,"comment_status":"closed","ping_status":"closed","template":"","meta":{"_eb_attr":"","footnotes":""},"class_list":["post-2481","page","type-page","status-publish","hentry"],"yoast_head":"<!-- This site is optimized with the Yoast SEO plugin v16.8 - https:\/\/yoast.com\/wordpress\/plugins\/seo\/ -->\n<title>Impresszum - PremiumEcoClean<\/title>\n<meta name=\"robots\" content=\"index, follow, max-snippet:-1, max-image-preview:large, max-video-preview:-1\" \/>\n<link rel=\"canonical\" href=\"https:\/\/premiumecoclean.hu\/en\/impresszum\/\" \/>\n<meta property=\"og:locale\" content=\"en_US\" \/>\n<meta property=\"og:type\" content=\"article\" \/>\n<meta property=\"og:title\" content=\"Impresszum - PremiumEcoClean\" \/>\n<meta property=\"og:description\" content=\"A honlap \u00fczemeltet\u0151je: Ponnert P\u00e9ter egy\u00e9ni v\u00e1llalkoz\u00f3 kis ad\u00f3z\u00f3 Ad\u00f3sz\u00e1ma: 57643100-1-27 Ny\u00edlv\u00e1ntart\u00e1si sz\u00e1m:\u00a056286854 Sz\u00e9khelye, levelez\u00e9si c\u00edme: 8000 Sz\u00e9kesfeh\u00e9rv\u00e1r, Barack utca 8\/A Fsz 2. Telefonsz\u00e1ma \u00e9s elektronikus levelez\u00e9si c\u00edme: +36-70\/432-5146, office@peclean.hu T\u00e1rhelyszolg\u00e1ltat\u00f3 adatai: T\u00e1rhely.Eu Szolg\u00e1ltat\u00f3 Kft. Sz\u00e9khelye: 1144 Budapest, Orm\u00e1ns\u00e1g utca 4. X. emelet 241. E-mail c\u00edme: utalas@tarhely.eu\" \/>\n<meta property=\"og:url\" content=\"https:\/\/premiumecoclean.hu\/en\/impresszum\/\" \/>\n<meta property=\"og:site_name\" content=\"PremiumEcoClean\" \/>\n<meta property=\"article:modified_time\" content=\"2021-09-01T19:13:49+00:00\" \/>\n<meta name=\"twitter:card\" content=\"summary_large_image\" \/>\n<meta name=\"twitter:label1\" content=\"Est. reading time\" \/>\n\t<meta name=\"twitter:data1\" content=\"1 minute\" \/>\n<script type=\"application\/ld+json\" class=\"yoast-schema-graph\">{\"@context\":\"https:\/\/schema.org\",\"@graph\":[{\"@type\":\"WebSite\",\"@id\":\"https:\/\/premiumecoclean.hu\/#website\",\"url\":\"https:\/\/premiumecoclean.hu\/\",\"name\":\"PremiumEcoClean\",\"description\":\"K\\u00f6z\\u00f6sen egy tiszta \\u00e9s k\\u00f6rnyezetbar\\u00e1t \\u00faton.\",\"potentialAction\":[{\"@type\":\"SearchAction\",\"target\":{\"@type\":\"EntryPoint\",\"urlTemplate\":\"https:\/\/premiumecoclean.hu\/?s={search_term_string}\"},\"query-input\":\"required name=search_term_string\"}],\"inLanguage\":\"en-US\"},{\"@type\":\"WebPage\",\"@id\":\"https:\/\/premiumecoclean.hu\/en\/impresszum\/#webpage\",\"url\":\"https:\/\/premiumecoclean.hu\/en\/impresszum\/\",\"name\":\"Impresszum - PremiumEcoClean\",\"isPartOf\":{\"@id\":\"https:\/\/premiumecoclean.hu\/#website\"},\"datePublished\":\"2021-08-16T05:38:48+00:00\",\"dateModified\":\"2021-09-01T19:13:49+00:00\",\"breadcrumb\":{\"@id\":\"https:\/\/premiumecoclean.hu\/en\/impresszum\/#breadcrumb\"},\"inLanguage\":\"en-US\",\"potentialAction\":[{\"@type\":\"ReadAction\",\"target\":[\"https:\/\/premiumecoclean.hu\/en\/impresszum\/\"]}]},{\"@type\":\"BreadcrumbList\",\"@id\":\"https:\/\/premiumecoclean.hu\/en\/impresszum\/#breadcrumb\",\"itemListElement\":[{\"@type\":\"ListItem\",\"position\":1,\"name\":\"Kezd\\u0151lap\",\"item\":\"https:\/\/premiumecoclean.hu\/\"},{\"@type\":\"ListItem\",\"position\":2,\"name\":\"Impresszum\"}]}]}<\/script>\n<!-- \/ Yoast SEO plugin. -->","yoast_head_json":{"title":"Impresszum - PremiumEcoClean","robots":{"index":"index","follow":"follow","max-snippet":"max-snippet:-1","max-image-preview":"max-image-preview:large","max-video-preview":"max-video-preview:-1"},"canonical":"https:\/\/premiumecoclean.hu\/en\/impresszum\/","og_locale":"en_US","og_type":"article","og_title":"Impresszum - PremiumEcoClean","og_description":"A honlap \u00fczemeltet\u0151je: Ponnert P\u00e9ter egy\u00e9ni v\u00e1llalkoz\u00f3 kis ad\u00f3z\u00f3 Ad\u00f3sz\u00e1ma: 57643100-1-27 Ny\u00edlv\u00e1ntart\u00e1si sz\u00e1m:\u00a056286854 Sz\u00e9khelye, levelez\u00e9si c\u00edme: 8000 Sz\u00e9kesfeh\u00e9rv\u00e1r, Barack utca 8\/A Fsz 2. Telefonsz\u00e1ma \u00e9s elektronikus levelez\u00e9si c\u00edme: +36-70\/432-5146, office@peclean.hu T\u00e1rhelyszolg\u00e1ltat\u00f3 adatai: T\u00e1rhely.Eu Szolg\u00e1ltat\u00f3 Kft. Sz\u00e9khelye: 1144 Budapest, Orm\u00e1ns\u00e1g utca 4. X. emelet 241. E-mail c\u00edme: utalas@tarhely.eu","og_url":"https:\/\/premiumecoclean.hu\/en\/impresszum\/","og_site_name":"PremiumEcoClean","article_modified_time":"2021-09-01T19:13:49+00:00","twitter_card":"summary_large_image","twitter_misc":{"Est. reading time":"1 minute"},"schema":{"@context":"https:\/\/schema.org","@graph":[{"@type":"WebSite","@id":"https:\/\/premiumecoclean.hu\/#website","url":"https:\/\/premiumecoclean.hu\/","name":"PremiumEcoClean","description":"K\u00f6z\u00f6sen egy tiszta \u00e9s k\u00f6rnyezetbar\u00e1t \u00faton.","potentialAction":[{"@type":"SearchAction","target":{"@type":"EntryPoint","urlTemplate":"https:\/\/premiumecoclean.hu\/?s={search_term_string}"},"query-input":"required name=search_term_string"}],"inLanguage":"en-US"},{"@type":"WebPage","@id":"https:\/\/premiumecoclean.hu\/en\/impresszum\/#webpage","url":"https:\/\/premiumecoclean.hu\/en\/impresszum\/","name":"Impresszum - PremiumEcoClean","isPartOf":{"@id":"https:\/\/premiumecoclean.hu\/#website"},"datePublished":"2021-08-16T05:38:48+00:00","dateModified":"2021-09-01T19:13:49+00:00","breadcrumb":{"@id":"https:\/\/premiumecoclean.hu\/en\/impresszum\/#breadcrumb"},"inLanguage":"en-US","potentialAction":[{"@type":"ReadAction","target":["https:\/\/premiumecoclean.hu\/en\/impresszum\/"]}]},{"@type":"BreadcrumbList","@id":"https:\/\/premiumecoclean.hu\/en\/impresszum\/#breadcrumb","itemListElement":[{"@type":"ListItem","position":1,"name":"Kezd\u0151lap","item":"https:\/\/premiumecoclean.hu\/"},{"@type":"ListItem","position":2,"name":"Impresszum"}]}]}},"_links":{"self":[{"href":"https:\/\/premiumecoclean.hu\/en\/wp-json\/wp\/v2\/pages\/2481","targetHints":{"allow":["GET"]}}],"collection":[{"href":"https:\/\/premiumecoclean.hu\/en\/wp-json\/wp\/v2\/pages"}],"about":[{"href":"https:\/\/premiumecoclean.hu\/en\/wp-json\/wp\/v2\/types\/page"}],"author":[{"embeddable":true,"href":"https:\/\/premiumecoclean.hu\/en\/wp-json\/wp\/v2\/users\/2"}],"replies":[{"embeddable":true,"href":"https:\/\/premiumecoclean.hu\/en\/wp-json\/wp\/v2\/comments?post=2481"}],"version-history":[{"count":9,"href":"https:\/\/premiumecoclean.hu\/en\/wp-json\/wp\/v2\/pages\/2481\/revisions"}],"predecessor-version":[{"id":3546,"href":"https:\/\/premiumecoclean.hu\/en\/wp-json\/wp\/v2\/pages\/2481\/revisions\/3546"}],"wp:attachment":[{"href":"https:\/\/premiumecoclean.hu\/en\/wp-json\/wp\/v2\/media?parent=2481"}],"curies":[{"name":"wp","href":"https:\/\/api.w.org\/{rel}","templated":true}]}}